{"id":1232,"date":"2023-08-30T07:37:46","date_gmt":"2023-08-30T07:37:46","guid":{"rendered":"https:\/\/www.villa-lila.com\/?page_id=1232"},"modified":"2024-11-13T10:17:18","modified_gmt":"2024-11-13T10:17:18","slug":"verkostung","status":"publish","type":"page","link":"https:\/\/www.villa-lila.com\/index.php\/verkostung\/","title":{"rendered":"Verkostung DE"},"content":{"rendered":"\t\t<div data-elementor-type=\"wp-page\" data-elementor-id=\"1232\" class=\"elementor elementor-1232\">\n\t\t\t\t\t\t<section class=\"elementor-section elementor-top-section elementor-element elementor-element-80d4f01 elementor-section-boxed elementor-section-height-default elementor-section-height-default\" data-id=\"80d4f01\" data-element_type=\"section\" data-e-type=\"section\">\n\t\t\t\t\t\t\t<div class=\"elementor-background-overlay\"><\/div>\n\t\t\t\t\t\t\t<div class=\"elementor-container elementor-column-gap-default\">\n\t\t\t\t\t<div class=\"elementor-column elementor-col-100 elementor-top-column elementor-element elementor-element-2822485\" data-id=\"2822485\" data-element_type=\"column\" data-e-type=\"column\">\n\t\t\t<div class=\"elementor-widget-wrap elementor-element-populated\">\n\t\t\t\t\t\t<div class=\"elementor-element elementor-element-6189ef9 elementor-widget elementor-widget-heading\" data-id=\"6189ef9\" data-element_type=\"widget\" data-e-type=\"widget\" data-widget_type=\"heading.default\">\n\t\t\t\t<div class=\"elementor-widget-container\">\n\t\t\t\t\t<h3 class=\"elementor-heading-title elementor-size-default\">Anmeldung zur Oliven-\u00d6l Verkostung<\/h3>\t\t\t\t<\/div>\n\t\t\t\t<\/div>\n\t\t\t\t\t<\/div>\n\t\t<\/div>\n\t\t\t\t\t<\/div>\n\t\t<\/section>\n\t\t\t\t<section class=\"elementor-section elementor-top-section elementor-element elementor-element-2a1ce44 elementor-section-boxed elementor-section-height-default elementor-section-height-default\" data-id=\"2a1ce44\" data-element_type=\"section\" data-e-type=\"section\">\n\t\t\t\t\t\t\t<div class=\"elementor-background-overlay\"><\/div>\n\t\t\t\t\t\t\t<div class=\"elementor-container elementor-column-gap-default\">\n\t\t\t\t\t<div class=\"elementor-column elementor-col-50 elementor-top-column elementor-element elementor-element-ce20f67\" data-id=\"ce20f67\" data-element_type=\"column\" data-e-type=\"column\">\n\t\t\t<div class=\"elementor-widget-wrap elementor-element-populated\">\n\t\t\t\t\t\t<div class=\"elementor-element elementor-element-f3012a1 elementor-widget elementor-widget-shortcode\" data-id=\"f3012a1\" data-element_type=\"widget\" data-e-type=\"widget\" data-widget_type=\"shortcode.default\">\n\t\t\t\t<div class=\"elementor-widget-container\">\n\t\t\t\t\t\t\t<div class=\"elementor-shortcode\">\n<div class=\"wpcf7 no-js\" id=\"wpcf7-f1231-o1\" lang=\"de-DE\" dir=\"ltr\" data-wpcf7-id=\"1231\">\n<div class=\"screen-reader-response\"><p role=\"status\" aria-live=\"polite\" aria-atomic=\"true\"><\/p> <ul><\/ul><\/div>\n<form action=\"\/index.php\/wp-json\/wp\/v2\/pages\/1232#wpcf7-f1231-o1\" method=\"post\" class=\"wpcf7-form init wpcf7-acceptance-as-validation\" aria-label=\"Kontaktformular\" novalidate=\"novalidate\" data-status=\"init\">\n<fieldset class=\"hidden-fields-container\"><input type=\"hidden\" name=\"_wpcf7\" value=\"1231\" \/><input type=\"hidden\" name=\"_wpcf7_version\" value=\"6.1.5\" \/><input type=\"hidden\" name=\"_wpcf7_locale\" value=\"de_DE\" \/><input type=\"hidden\" name=\"_wpcf7_unit_tag\" value=\"wpcf7-f1231-o1\" \/><input type=\"hidden\" name=\"_wpcf7_container_post\" value=\"0\" \/><input type=\"hidden\" name=\"_wpcf7_posted_data_hash\" value=\"\" \/>\n<\/fieldset>\n<p><label> <span class=\"wpcf7-form-control-wrap\" data-name=\"vorname\"><input size=\"40\" maxlength=\"400\" class=\"wpcf7-form-control wpcf7-text wpcf7-validates-as-required\" autocomplete=\"name\" aria-required=\"true\" aria-invalid=\"false\" placeholder=\"Vorname*\" value=\"\" type=\"text\" name=\"vorname\" \/><\/span> <\/label>\n<\/p>\n<p><label> <span class=\"wpcf7-form-control-wrap\" data-name=\"nachname\"><input size=\"40\" maxlength=\"400\" class=\"wpcf7-form-control wpcf7-text wpcf7-validates-as-required\" autocomplete=\"name\" aria-required=\"true\" aria-invalid=\"false\" placeholder=\"Nachname*\" value=\"\" type=\"text\" name=\"nachname\" \/><\/span> <\/label>\n<\/p>\n<p><label> <span class=\"wpcf7-form-control-wrap\" data-name=\"email\"><input size=\"40\" maxlength=\"400\" class=\"wpcf7-form-control wpcf7-email wpcf7-validates-as-required wpcf7-text wpcf7-validates-as-email\" autocomplete=\"email\" aria-required=\"true\" aria-invalid=\"false\" placeholder=\"Email*\" value=\"\" type=\"email\" name=\"email\" \/><\/span> <\/label>\n<\/p>\n<p><label> <span class=\"wpcf7-form-control-wrap\" data-name=\"telefon\"><input size=\"40\" maxlength=\"400\" class=\"wpcf7-form-control wpcf7-tel wpcf7-text wpcf7-validates-as-tel\" aria-invalid=\"false\" placeholder=\"Telefon\" value=\"\" type=\"tel\" name=\"telefon\" \/><\/span> <\/label>\n<\/p>\n<p><label> <span class=\"wpcf7-form-control-wrap\" data-name=\"deine-nachricht\"><textarea cols=\"40\" rows=\"10\" maxlength=\"2000\" class=\"wpcf7-form-control wpcf7-textarea\" aria-invalid=\"false\" placeholder=\"Deine Nachricht\" name=\"deine-nachricht\"><\/textarea><\/span> <\/label>\n<\/p>\n<p><label> <span class=\"wpcf7-form-control-wrap\" data-name=\"Datenverarbeitung\"><span class=\"wpcf7-form-control wpcf7-acceptance\"><span class=\"wpcf7-list-item\"><label><input type=\"checkbox\" name=\"Datenverarbeitung\" value=\"1\" aria-invalid=\"false\" \/><span class=\"wpcf7-list-item-label\">Ich stimme zu, dass meine Angaben zur Beantwortung meiner Anfrage erhoben und verarbeitet werden. Diese Einwilligung kann jederzeit per E-Mail an tomas@dellapepa.de widerrufen werden. Weitere Informationen zum Umgang mit Nutzerdaten habe ich in der <a href=\"https:\/\/www.villa-lila.com\/index.php\/datenschutz\/\">Datenschutzerkl\u00e4rung<\/a> nachgelesen.<\/span><\/label><\/span><\/span><\/span><\/label>\n<\/p>\n<p><input class=\"wpcf7-form-control wpcf7-submit has-spinner\" type=\"submit\" value=\"Anfrage Senden\" \/>\n<\/p><div class=\"wpcf7-response-output\" aria-hidden=\"true\"><\/div>\n<\/form>\n<\/div>\n<\/div>\n\t\t\t\t\t\t<\/div>\n\t\t\t\t<\/div>\n\t\t\t\t\t<\/div>\n\t\t<\/div>\n\t\t\t\t<div class=\"elementor-column elementor-col-50 elementor-top-column elementor-element elementor-element-c10625b\" data-id=\"c10625b\" data-element_type=\"column\" data-e-type=\"column\">\n\t\t\t<div class=\"elementor-widget-wrap elementor-element-populated\">\n\t\t\t\t\t\t<div class=\"elementor-element elementor-element-da04032 elementor-hidden-tablet elementor-hidden-mobile elementor-widget elementor-widget-image\" data-id=\"da04032\" data-element_type=\"widget\" data-e-type=\"widget\" data-widget_type=\"image.default\">\n\t\t\t\t<div class=\"elementor-widget-container\">\n\t\t\t\t\t\t\t\t\t\t\t\t\t\t\t<img fetchpriority=\"high\" decoding=\"async\" width=\"1000\" height=\"1007\" src=\"https:\/\/www.villa-lila.com\/wp-content\/uploads\/2023\/08\/Olivenbrett_opt.jpg.jpg\" class=\"attachment-large size-large wp-image-1292\" alt=\"\" srcset=\"https:\/\/www.villa-lila.com\/wp-content\/uploads\/2023\/08\/Olivenbrett_opt.jpg.jpg 1000w, https:\/\/www.villa-lila.com\/wp-content\/uploads\/2023\/08\/Olivenbrett_opt.jpg-298x300.jpg 298w, https:\/\/www.villa-lila.com\/wp-content\/uploads\/2023\/08\/Olivenbrett_opt.jpg-150x150.jpg 150w, https:\/\/www.villa-lila.com\/wp-content\/uploads\/2023\/08\/Olivenbrett_opt.jpg-768x773.jpg 768w\" sizes=\"(max-width: 1000px) 100vw, 1000px\" \/>\t\t\t\t\t\t\t\t\t\t\t\t\t\t\t<\/div>\n\t\t\t\t<\/div>\n\t\t\t\t\t<\/div>\n\t\t<\/div>\n\t\t\t\t\t<\/div>\n\t\t<\/section>\n\t\t\t\t<\/div>\n\t\t","protected":false},"excerpt":{"rendered":"<p>Anmeldung zur Oliven-\u00d6l Verkostung<\/p>\n","protected":false},"author":1,"featured_media":0,"parent":0,"menu_order":0,"comment_status":"closed","ping_status":"closed","template":"","meta":{"footnotes":""},"class_list":["post-1232","page","type-page","status-publish","hentry"],"blocksy_meta":[],"yoast_head":"<!-- This site is optimized with the Yoast SEO plugin v27.4 - https:\/\/yoast.com\/product\/yoast-seo-wordpress\/ -->\n<title>Villa Lila | Verkostung von Terra Di Cilento<\/title>\n<meta name=\"description\" content=\"Melden sie sich jetzt f\u00fcr eine Verkostung von Terra Di Cilento an und genie\u00dfen sie den k\u00f6stlich milden Geschmack des Oliven \u00d6ls.\" \/>\n<meta name=\"robots\" content=\"index, follow, max-snippet:-1, max-image-preview:large, max-video-preview:-1\" \/>\n<link rel=\"canonical\" href=\"https:\/\/www.villa-lila.com\/index.php\/verkostung\/\" \/>\n<meta property=\"og:locale\" content=\"de_DE\" \/>\n<meta property=\"og:type\" content=\"article\" \/>\n<meta property=\"og:title\" content=\"Villa Lila | Verkostung von Terra Di Cilento\" \/>\n<meta property=\"og:description\" content=\"Melden sie sich jetzt f\u00fcr eine Verkostung von Terra Di Cilento an und genie\u00dfen sie den k\u00f6stlich milden Geschmack des Oliven \u00d6ls.\" \/>\n<meta property=\"og:url\" content=\"https:\/\/www.villa-lila.com\/index.php\/verkostung\/\" \/>\n<meta property=\"og:site_name\" content=\"Villa Lila\" \/>\n<meta property=\"article:publisher\" content=\"https:\/\/www.facebook.com\/villalila.laureana\/\" \/>\n<meta property=\"article:modified_time\" content=\"2024-11-13T10:17:18+00:00\" \/>\n<meta property=\"og:image\" content=\"https:\/\/www.villa-lila.com\/wp-content\/uploads\/2023\/08\/Olivenbrett_opt.jpg.jpg\" \/>\n\t<meta property=\"og:image:width\" content=\"1000\" \/>\n\t<meta property=\"og:image:height\" content=\"1007\" \/>\n\t<meta property=\"og:image:type\" content=\"image\/jpeg\" \/>\n<meta name=\"twitter:card\" content=\"summary_large_image\" \/>\n<meta name=\"twitter:label1\" content=\"Gesch\u00e4tzte Lesezeit\" \/>\n\t<meta name=\"twitter:data1\" content=\"1\u00a0Minute\" \/>\n<script type=\"application\/ld+json\" class=\"yoast-schema-graph\">{\"@context\":\"https:\\\/\\\/schema.org\",\"@graph\":[{\"@type\":\"WebPage\",\"@id\":\"https:\\\/\\\/www.villa-lila.com\\\/index.php\\\/verkostung\\\/\",\"url\":\"https:\\\/\\\/www.villa-lila.com\\\/index.php\\\/verkostung\\\/\",\"name\":\"Villa Lila | Verkostung von Terra Di Cilento\",\"isPartOf\":{\"@id\":\"https:\\\/\\\/www.villa-lila.com\\\/#website\"},\"primaryImageOfPage\":{\"@id\":\"https:\\\/\\\/www.villa-lila.com\\\/index.php\\\/verkostung\\\/#primaryimage\"},\"image\":{\"@id\":\"https:\\\/\\\/www.villa-lila.com\\\/index.php\\\/verkostung\\\/#primaryimage\"},\"thumbnailUrl\":\"https:\\\/\\\/www.villa-lila.com\\\/wp-content\\\/uploads\\\/2023\\\/08\\\/Olivenbrett_opt.jpg.jpg\",\"datePublished\":\"2023-08-30T07:37:46+00:00\",\"dateModified\":\"2024-11-13T10:17:18+00:00\",\"description\":\"Melden sie sich jetzt f\u00fcr eine Verkostung von Terra Di Cilento an und genie\u00dfen sie den k\u00f6stlich milden Geschmack des Oliven \u00d6ls.\",\"breadcrumb\":{\"@id\":\"https:\\\/\\\/www.villa-lila.com\\\/index.php\\\/verkostung\\\/#breadcrumb\"},\"inLanguage\":\"de\",\"potentialAction\":[{\"@type\":\"ReadAction\",\"target\":[\"https:\\\/\\\/www.villa-lila.com\\\/index.php\\\/verkostung\\\/\"]}]},{\"@type\":\"ImageObject\",\"inLanguage\":\"de\",\"@id\":\"https:\\\/\\\/www.villa-lila.com\\\/index.php\\\/verkostung\\\/#primaryimage\",\"url\":\"https:\\\/\\\/www.villa-lila.com\\\/wp-content\\\/uploads\\\/2023\\\/08\\\/Olivenbrett_opt.jpg.jpg\",\"contentUrl\":\"https:\\\/\\\/www.villa-lila.com\\\/wp-content\\\/uploads\\\/2023\\\/08\\\/Olivenbrett_opt.jpg.jpg\",\"width\":1000,\"height\":1007},{\"@type\":\"BreadcrumbList\",\"@id\":\"https:\\\/\\\/www.villa-lila.com\\\/index.php\\\/verkostung\\\/#breadcrumb\",\"itemListElement\":[{\"@type\":\"ListItem\",\"position\":1,\"name\":\"Startseite\",\"item\":\"https:\\\/\\\/www.villa-lila.com\\\/\"},{\"@type\":\"ListItem\",\"position\":2,\"name\":\"Verkostung DE\"}]},{\"@type\":\"WebSite\",\"@id\":\"https:\\\/\\\/www.villa-lila.com\\\/#website\",\"url\":\"https:\\\/\\\/www.villa-lila.com\\\/\",\"name\":\"Villa Lila\",\"description\":\"\",\"publisher\":{\"@id\":\"https:\\\/\\\/www.villa-lila.com\\\/#organization\"},\"potentialAction\":[{\"@type\":\"SearchAction\",\"target\":{\"@type\":\"EntryPoint\",\"urlTemplate\":\"https:\\\/\\\/www.villa-lila.com\\\/?s={search_term_string}\"},\"query-input\":{\"@type\":\"PropertyValueSpecification\",\"valueRequired\":true,\"valueName\":\"search_term_string\"}}],\"inLanguage\":\"de\"},{\"@type\":\"Organization\",\"@id\":\"https:\\\/\\\/www.villa-lila.com\\\/#organization\",\"name\":\"Villa Lila\",\"url\":\"https:\\\/\\\/www.villa-lila.com\\\/\",\"logo\":{\"@type\":\"ImageObject\",\"inLanguage\":\"de\",\"@id\":\"https:\\\/\\\/www.villa-lila.com\\\/#\\\/schema\\\/logo\\\/image\\\/\",\"url\":\"https:\\\/\\\/www.villa-lila.com\\\/wp-content\\\/uploads\\\/2023\\\/07\\\/Villa-Lila-Logo-icon-04-04-04-04.png\",\"contentUrl\":\"https:\\\/\\\/www.villa-lila.com\\\/wp-content\\\/uploads\\\/2023\\\/07\\\/Villa-Lila-Logo-icon-04-04-04-04.png\",\"width\":2134,\"height\":2134,\"caption\":\"Villa Lila\"},\"image\":{\"@id\":\"https:\\\/\\\/www.villa-lila.com\\\/#\\\/schema\\\/logo\\\/image\\\/\"},\"sameAs\":[\"https:\\\/\\\/www.facebook.com\\\/villalila.laureana\\\/\",\"https:\\\/\\\/www.instagram.com\\\/villa_lila_laureana\\\/\"]}]}<\/script>\n<!-- \/ Yoast SEO plugin. -->","yoast_head_json":{"title":"Villa Lila | Verkostung von Terra Di Cilento","description":"Melden sie sich jetzt f\u00fcr eine Verkostung von Terra Di Cilento an und genie\u00dfen sie den k\u00f6stlich milden Geschmack des Oliven \u00d6ls.","robots":{"index":"index","follow":"follow","max-snippet":"max-snippet:-1","max-image-preview":"max-image-preview:large","max-video-preview":"max-video-preview:-1"},"canonical":"https:\/\/www.villa-lila.com\/index.php\/verkostung\/","og_locale":"de_DE","og_type":"article","og_title":"Villa Lila | Verkostung von Terra Di Cilento","og_description":"Melden sie sich jetzt f\u00fcr eine Verkostung von Terra Di Cilento an und genie\u00dfen sie den k\u00f6stlich milden Geschmack des Oliven \u00d6ls.","og_url":"https:\/\/www.villa-lila.com\/index.php\/verkostung\/","og_site_name":"Villa Lila","article_publisher":"https:\/\/www.facebook.com\/villalila.laureana\/","article_modified_time":"2024-11-13T10:17:18+00:00","og_image":[{"width":1000,"height":1007,"url":"https:\/\/www.villa-lila.com\/wp-content\/uploads\/2023\/08\/Olivenbrett_opt.jpg.jpg","type":"image\/jpeg"}],"twitter_card":"summary_large_image","twitter_misc":{"Gesch\u00e4tzte Lesezeit":"1\u00a0Minute"},"schema":{"@context":"https:\/\/schema.org","@graph":[{"@type":"WebPage","@id":"https:\/\/www.villa-lila.com\/index.php\/verkostung\/","url":"https:\/\/www.villa-lila.com\/index.php\/verkostung\/","name":"Villa Lila | Verkostung von Terra Di Cilento","isPartOf":{"@id":"https:\/\/www.villa-lila.com\/#website"},"primaryImageOfPage":{"@id":"https:\/\/www.villa-lila.com\/index.php\/verkostung\/#primaryimage"},"image":{"@id":"https:\/\/www.villa-lila.com\/index.php\/verkostung\/#primaryimage"},"thumbnailUrl":"https:\/\/www.villa-lila.com\/wp-content\/uploads\/2023\/08\/Olivenbrett_opt.jpg.jpg","datePublished":"2023-08-30T07:37:46+00:00","dateModified":"2024-11-13T10:17:18+00:00","description":"Melden sie sich jetzt f\u00fcr eine Verkostung von Terra Di Cilento an und genie\u00dfen sie den k\u00f6stlich milden Geschmack des Oliven \u00d6ls.","breadcrumb":{"@id":"https:\/\/www.villa-lila.com\/index.php\/verkostung\/#breadcrumb"},"inLanguage":"de","potentialAction":[{"@type":"ReadAction","target":["https:\/\/www.villa-lila.com\/index.php\/verkostung\/"]}]},{"@type":"ImageObject","inLanguage":"de","@id":"https:\/\/www.villa-lila.com\/index.php\/verkostung\/#primaryimage","url":"https:\/\/www.villa-lila.com\/wp-content\/uploads\/2023\/08\/Olivenbrett_opt.jpg.jpg","contentUrl":"https:\/\/www.villa-lila.com\/wp-content\/uploads\/2023\/08\/Olivenbrett_opt.jpg.jpg","width":1000,"height":1007},{"@type":"BreadcrumbList","@id":"https:\/\/www.villa-lila.com\/index.php\/verkostung\/#breadcrumb","itemListElement":[{"@type":"ListItem","position":1,"name":"Startseite","item":"https:\/\/www.villa-lila.com\/"},{"@type":"ListItem","position":2,"name":"Verkostung DE"}]},{"@type":"WebSite","@id":"https:\/\/www.villa-lila.com\/#website","url":"https:\/\/www.villa-lila.com\/","name":"Villa Lila","description":"","publisher":{"@id":"https:\/\/www.villa-lila.com\/#organization"},"potentialAction":[{"@type":"SearchAction","target":{"@type":"EntryPoint","urlTemplate":"https:\/\/www.villa-lila.com\/?s={search_term_string}"},"query-input":{"@type":"PropertyValueSpecification","valueRequired":true,"valueName":"search_term_string"}}],"inLanguage":"de"},{"@type":"Organization","@id":"https:\/\/www.villa-lila.com\/#organization","name":"Villa Lila","url":"https:\/\/www.villa-lila.com\/","logo":{"@type":"ImageObject","inLanguage":"de","@id":"https:\/\/www.villa-lila.com\/#\/schema\/logo\/image\/","url":"https:\/\/www.villa-lila.com\/wp-content\/uploads\/2023\/07\/Villa-Lila-Logo-icon-04-04-04-04.png","contentUrl":"https:\/\/www.villa-lila.com\/wp-content\/uploads\/2023\/07\/Villa-Lila-Logo-icon-04-04-04-04.png","width":2134,"height":2134,"caption":"Villa Lila"},"image":{"@id":"https:\/\/www.villa-lila.com\/#\/schema\/logo\/image\/"},"sameAs":["https:\/\/www.facebook.com\/villalila.laureana\/","https:\/\/www.instagram.com\/villa_lila_laureana\/"]}]}},"_links":{"self":[{"href":"https:\/\/www.villa-lila.com\/index.php\/wp-json\/wp\/v2\/pages\/1232","targetHints":{"allow":["GET"]}}],"collection":[{"href":"https:\/\/www.villa-lila.com\/index.php\/wp-json\/wp\/v2\/pages"}],"about":[{"href":"https:\/\/www.villa-lila.com\/index.php\/wp-json\/wp\/v2\/types\/page"}],"author":[{"embeddable":true,"href":"https:\/\/www.villa-lila.com\/index.php\/wp-json\/wp\/v2\/users\/1"}],"replies":[{"embeddable":true,"href":"https:\/\/www.villa-lila.com\/index.php\/wp-json\/wp\/v2\/comments?post=1232"}],"version-history":[{"count":9,"href":"https:\/\/www.villa-lila.com\/index.php\/wp-json\/wp\/v2\/pages\/1232\/revisions"}],"predecessor-version":[{"id":3447,"href":"https:\/\/www.villa-lila.com\/index.php\/wp-json\/wp\/v2\/pages\/1232\/revisions\/3447"}],"wp:attachment":[{"href":"https:\/\/www.villa-lila.com\/index.php\/wp-json\/wp\/v2\/media?parent=1232"}],"curies":[{"name":"wp","href":"https:\/\/api.w.org\/{rel}","templated":true}]}}