{"id":1585,"date":"2023-08-30T07:16:50","date_gmt":"2023-08-30T07:16:50","guid":{"rendered":"https:\/\/www.villa-lila.com\/?page_id=1585"},"modified":"2025-02-27T07:01:38","modified_gmt":"2025-02-27T07:01:38","slug":"terra-di-cilento-bestellung","status":"publish","type":"page","link":"https:\/\/www.villa-lila.com\/index.php\/terra-di-cilento-bestellung\/","title":{"rendered":"Terra Di Cilento Bestellung DE"},"content":{"rendered":"\t\t<div data-elementor-type=\"wp-page\" data-elementor-id=\"1585\" class=\"elementor elementor-1585\">\n\t\t\t\t\t\t<section class=\"elementor-section elementor-top-section elementor-element elementor-element-eb3bdbc elementor-section-boxed elementor-section-height-default elementor-section-height-default\" data-id=\"eb3bdbc\" data-element_type=\"section\" data-e-type=\"section\">\n\t\t\t\t\t\t\t<div class=\"elementor-background-overlay\"><\/div>\n\t\t\t\t\t\t\t<div class=\"elementor-container elementor-column-gap-default\">\n\t\t\t\t\t<div class=\"elementor-column elementor-col-100 elementor-top-column elementor-element elementor-element-f215d0f\" data-id=\"f215d0f\" data-element_type=\"column\" data-e-type=\"column\">\n\t\t\t<div class=\"elementor-widget-wrap elementor-element-populated\">\n\t\t\t\t\t\t<div class=\"elementor-element elementor-element-20886fe elementor-widget elementor-widget-heading\" data-id=\"20886fe\" data-element_type=\"widget\" data-e-type=\"widget\" data-widget_type=\"heading.default\">\n\t\t\t\t<div class=\"elementor-widget-container\">\n\t\t\t\t\t<h3 class=\"elementor-heading-title elementor-size-default\">Terra Di Cilento Bestellung<\/h3>\t\t\t\t<\/div>\n\t\t\t\t<\/div>\n\t\t\t\t<div class=\"elementor-element elementor-element-d844371 elementor-widget elementor-widget-text-editor\" data-id=\"d844371\" data-element_type=\"widget\" data-e-type=\"widget\" data-widget_type=\"text-editor.default\">\n\t\t\t\t<div class=\"elementor-widget-container\">\n\t\t\t\t\t\t\t\t\t<p data-start=\"46\" data-end=\"362\">Unser hochwertiges Oliven\u00f6l wird aus besten Oliven gewonnen und \u00fcberzeugt durch seinen frischen, vollmundigen Geschmack. Es eignet sich ideal f\u00fcr die t\u00e4gliche K\u00fcche, sei es zum Kochen, Braten oder f\u00fcr Salate. Durch die sorgf\u00e4ltige Herstellung bleibt das \u00d6l besonders reich an wertvollen Inhaltsstoffen und Vitaminen.<\/p><p data-start=\"364\" data-end=\"440\">Wir bieten Ihnen unser erstklassiges Oliven\u00f6l in zwei praktischen Gr\u00f6\u00dfen an:<\/p><ul data-start=\"441\" data-end=\"486\"><li data-start=\"441\" data-end=\"463\">3 Liter f\u00fcr nur 48 \u20ac<\/li><li data-start=\"464\" data-end=\"486\">5 Liter f\u00fcr nur 80 \u20ac<\/li><\/ul><p data-start=\"488\" data-end=\"716\">Beide Varianten bieten Ihnen ein hervorragendes Preis-Leistungs-Verh\u00e4ltnis, sodass Sie lange von der Qualit\u00e4t unseres Oliven\u00f6ls profitieren k\u00f6nnen. Ideal f\u00fcr den t\u00e4glichen Gebrauch oder auch als Geschenk f\u00fcr Oliven\u00f6l-Liebhaber.<\/p>\t\t\t\t\t\t\t\t<\/div>\n\t\t\t\t<\/div>\n\t\t\t\t\t<\/div>\n\t\t<\/div>\n\t\t\t\t\t<\/div>\n\t\t<\/section>\n\t\t\t\t<section class=\"elementor-section elementor-top-section elementor-element elementor-element-15e0013 elementor-section-boxed elementor-section-height-default elementor-section-height-default\" data-id=\"15e0013\" data-element_type=\"section\" data-e-type=\"section\">\n\t\t\t\t\t\t\t<div class=\"elementor-background-overlay\"><\/div>\n\t\t\t\t\t\t\t<div class=\"elementor-container elementor-column-gap-default\">\n\t\t\t\t\t<div class=\"elementor-column elementor-col-50 elementor-top-column elementor-element elementor-element-4ca797c\" data-id=\"4ca797c\" data-element_type=\"column\" data-e-type=\"column\">\n\t\t\t<div class=\"elementor-widget-wrap elementor-element-populated\">\n\t\t\t\t\t\t<div class=\"elementor-element elementor-element-86d23f6 elementor-widget elementor-widget-shortcode\" data-id=\"86d23f6\" data-element_type=\"widget\" data-e-type=\"widget\" data-widget_type=\"shortcode.default\">\n\t\t\t\t<div class=\"elementor-widget-container\">\n\t\t\t\t\t\t\t<div class=\"elementor-shortcode\">\n<div class=\"wpcf7 no-js\" id=\"wpcf7-f635-o1\" lang=\"de-DE\" dir=\"ltr\" data-wpcf7-id=\"635\">\n<div class=\"screen-reader-response\"><p role=\"status\" aria-live=\"polite\" aria-atomic=\"true\"><\/p> <ul><\/ul><\/div>\n<form action=\"\/index.php\/wp-json\/wp\/v2\/pages\/1585#wpcf7-f635-o1\" method=\"post\" class=\"wpcf7-form init wpcf7-acceptance-as-validation\" aria-label=\"Kontaktformular\" novalidate=\"novalidate\" data-status=\"init\">\n<fieldset class=\"hidden-fields-container\"><input type=\"hidden\" name=\"_wpcf7\" value=\"635\" \/><input type=\"hidden\" name=\"_wpcf7_version\" value=\"6.1.5\" \/><input type=\"hidden\" name=\"_wpcf7_locale\" value=\"de_DE\" \/><input type=\"hidden\" name=\"_wpcf7_unit_tag\" value=\"wpcf7-f635-o1\" \/><input type=\"hidden\" name=\"_wpcf7_container_post\" value=\"0\" \/><input type=\"hidden\" name=\"_wpcf7_posted_data_hash\" value=\"\" \/>\n<\/fieldset>\n<p><label> <span class=\"wpcf7-form-control-wrap\" data-name=\"vorname\"><input size=\"40\" maxlength=\"400\" class=\"wpcf7-form-control wpcf7-text wpcf7-validates-as-required\" autocomplete=\"name\" aria-required=\"true\" aria-invalid=\"false\" placeholder=\"Vorname*\" value=\"\" type=\"text\" name=\"vorname\" \/><\/span> <\/label>\n<\/p>\n<p><label> <span class=\"wpcf7-form-control-wrap\" data-name=\"nachname\"><input size=\"40\" maxlength=\"400\" class=\"wpcf7-form-control wpcf7-text wpcf7-validates-as-required\" autocomplete=\"name\" aria-required=\"true\" aria-invalid=\"false\" placeholder=\"Nachname*\" value=\"\" type=\"text\" name=\"nachname\" \/><\/span> <\/label>\n<\/p>\n<p><label> <span class=\"wpcf7-form-control-wrap\" data-name=\"email\"><input size=\"40\" maxlength=\"400\" class=\"wpcf7-form-control wpcf7-email wpcf7-validates-as-required wpcf7-text wpcf7-validates-as-email\" autocomplete=\"email\" aria-required=\"true\" aria-invalid=\"false\" placeholder=\"Email*\" value=\"\" type=\"email\" name=\"email\" \/><\/span> <\/label>\n<\/p>\n<p><label> <span class=\"wpcf7-form-control-wrap\" data-name=\"telefon\"><input size=\"40\" maxlength=\"400\" class=\"wpcf7-form-control wpcf7-tel wpcf7-text wpcf7-validates-as-tel\" aria-invalid=\"false\" placeholder=\"Telefon*\" value=\"\" type=\"tel\" name=\"telefon\" \/><\/span> <\/label>\n<\/p>\n<p><label> <span class=\"wpcf7-form-control-wrap\" data-name=\"strasseundhausnummer\"><input size=\"40\" maxlength=\"400\" class=\"wpcf7-form-control wpcf7-text wpcf7-validates-as-required\" aria-required=\"true\" aria-invalid=\"false\" placeholder=\"Stra\u00dfe und Hausnummer*\" value=\"\" type=\"text\" name=\"strasseundhausnummer\" \/><\/span> <\/label>\n<\/p>\n<p><label> <span class=\"wpcf7-form-control-wrap\" data-name=\"PLZ\"><input size=\"40\" maxlength=\"400\" class=\"wpcf7-form-control wpcf7-text wpcf7-validates-as-required\" aria-required=\"true\" aria-invalid=\"false\" placeholder=\"PLZ*\" value=\"\" type=\"text\" name=\"PLZ\" \/><\/span> <\/label>\n<\/p>\n<p><label> <span class=\"wpcf7-form-control-wrap\" data-name=\"wohnort\"><input size=\"40\" maxlength=\"400\" class=\"wpcf7-form-control wpcf7-text wpcf7-validates-as-required\" aria-required=\"true\" aria-invalid=\"false\" placeholder=\"Wohnort*\" value=\"\" type=\"text\" name=\"wohnort\" \/><\/span> <\/label>\n<\/p>\n<p><label> <span class=\"wpcf7-form-control-wrap\" data-name=\"land\"><input size=\"40\" maxlength=\"400\" class=\"wpcf7-form-control wpcf7-text wpcf7-validates-as-required\" aria-required=\"true\" aria-invalid=\"false\" placeholder=\"Land*\" value=\"\" type=\"text\" name=\"land\" \/><\/span> <\/label>\n<\/p>\n<p>Bitte w\u00e4hlen Sie die gew\u00fcnschte Anzahl aus.\n<\/p>\n<p><label> 3 Liter Kanister<br \/>\n<span class=\"wpcf7-form-control-wrap\" data-name=\"liter3\"><select class=\"wpcf7-form-control wpcf7-select\" aria-invalid=\"false\" name=\"liter3\"><option value=\"0x\">0x<\/option><option value=\"1x\">1x<\/option><option value=\"2x\">2x<\/option><option value=\"3x\">3x<\/option><\/select><\/span> <\/label>\n<\/p>\n<p><label> 5 Liter Kanister<br \/>\n<span class=\"wpcf7-form-control-wrap\" data-name=\"liter5\"><select class=\"wpcf7-form-control wpcf7-select\" aria-invalid=\"false\" name=\"liter5\"><option value=\"0x\">0x<\/option><option value=\"1x\">1x<\/option><option value=\"2x\">2x<\/option><option value=\"3x\">3x<\/option><\/select><\/span><\/label>\n<\/p>\n<p><label> <span class=\"wpcf7-form-control-wrap\" data-name=\"deine-nachricht\"><textarea cols=\"40\" rows=\"10\" maxlength=\"2000\" class=\"wpcf7-form-control wpcf7-textarea\" aria-invalid=\"false\" placeholder=\"Deine Nachricht\" name=\"deine-nachricht\"><\/textarea><\/span> <\/label>\n<\/p>\n<p><label> <span class=\"wpcf7-form-control-wrap\" data-name=\"Datenverarbeitung\"><span class=\"wpcf7-form-control wpcf7-acceptance\"><span class=\"wpcf7-list-item\"><label><input type=\"checkbox\" name=\"Datenverarbeitung\" value=\"1\" aria-invalid=\"false\" \/><span class=\"wpcf7-list-item-label\">Ich stimme zu, dass meine Angaben zur Beantwortung meiner Anfrage erhoben und verarbeitet werden. Diese Einwilligung kann jederzeit per E-Mail an tomas@dellapepa.de widerrufen werden. Weitere Informationen zum Umgang mit Nutzerdaten habe ich in der <a href=\"https:\/\/www.villa-lila.com\/index.php\/datenschutz\/\">Datenschutzerkl\u00e4rung<\/a> nachgelesen.<\/span><\/label><\/span><\/span><\/span><\/label>\n<\/p>\n<p><input class=\"wpcf7-form-control wpcf7-submit has-spinner\" type=\"submit\" value=\"Anfrage Senden\" \/>\n<\/p><div class=\"wpcf7-response-output\" aria-hidden=\"true\"><\/div>\n<\/form>\n<\/div>\n<\/div>\n\t\t\t\t\t\t<\/div>\n\t\t\t\t<\/div>\n\t\t\t\t\t<\/div>\n\t\t<\/div>\n\t\t\t\t<div class=\"elementor-column elementor-col-50 elementor-top-column elementor-element elementor-element-c805fb0\" data-id=\"c805fb0\" data-element_type=\"column\" data-e-type=\"column\">\n\t\t\t<div class=\"elementor-widget-wrap elementor-element-populated\">\n\t\t\t\t\t\t<div class=\"elementor-element elementor-element-f8271f5 elementor-hidden-tablet elementor-hidden-mobile elementor-widget elementor-widget-image\" data-id=\"f8271f5\" data-element_type=\"widget\" data-e-type=\"widget\" data-widget_type=\"image.default\">\n\t\t\t\t<div class=\"elementor-widget-container\">\n\t\t\t\t\t\t\t\t\t\t\t\t\t\t\t<img fetchpriority=\"high\" decoding=\"async\" width=\"697\" height=\"1024\" src=\"https:\/\/www.villa-lila.com\/wp-content\/uploads\/2023\/10\/pexels-alina-skazka-14763509_1920-e1697007501129-697x1024.jpg\" class=\"attachment-large size-large wp-image-2866\" alt=\"\" srcset=\"https:\/\/www.villa-lila.com\/wp-content\/uploads\/2023\/10\/pexels-alina-skazka-14763509_1920-e1697007501129-697x1024.jpg 697w, https:\/\/www.villa-lila.com\/wp-content\/uploads\/2023\/10\/pexels-alina-skazka-14763509_1920-e1697007501129-204x300.jpg 204w, https:\/\/www.villa-lila.com\/wp-content\/uploads\/2023\/10\/pexels-alina-skazka-14763509_1920-e1697007501129-768x1129.jpg 768w, https:\/\/www.villa-lila.com\/wp-content\/uploads\/2023\/10\/pexels-alina-skazka-14763509_1920-e1697007501129-1045x1536.jpg 1045w, https:\/\/www.villa-lila.com\/wp-content\/uploads\/2023\/10\/pexels-alina-skazka-14763509_1920-e1697007501129.jpg 1062w\" sizes=\"(max-width: 697px) 100vw, 697px\" \/>\t\t\t\t\t\t\t\t\t\t\t\t\t\t\t<\/div>\n\t\t\t\t<\/div>\n\t\t\t\t\t<\/div>\n\t\t<\/div>\n\t\t\t\t\t<\/div>\n\t\t<\/section>\n\t\t\t\t<\/div>\n\t\t","protected":false},"excerpt":{"rendered":"<p>Terra Di Cilento Bestellung Unser hochwertiges Oliven\u00f6l wird aus besten Oliven gewonnen und \u00fcberzeugt durch seinen frischen, vollmundigen Geschmack. Es eignet sich ideal f\u00fcr die t\u00e4gliche K\u00fcche, sei es zum Kochen, Braten oder f\u00fcr Salate. Durch die sorgf\u00e4ltige Herstellung bleibt das \u00d6l besonders reich an wertvollen Inhaltsstoffen und Vitaminen. Wir bieten Ihnen unser erstklassiges Oliven\u00f6l [&hellip;]<\/p>\n","protected":false},"author":1,"featured_media":0,"parent":0,"menu_order":0,"comment_status":"closed","ping_status":"closed","template":"","meta":{"footnotes":""},"class_list":["post-1585","page","type-page","status-publish","hentry"],"blocksy_meta":[],"yoast_head":"<!-- This site is optimized with the Yoast SEO plugin v27.4 - https:\/\/yoast.com\/product\/yoast-seo-wordpress\/ -->\n<title>Terra Di Cilento Bestellung DE - Villa Lila<\/title>\n<meta name=\"robots\" content=\"index, follow, max-snippet:-1, max-image-preview:large, max-video-preview:-1\" \/>\n<link rel=\"canonical\" href=\"https:\/\/www.villa-lila.com\/index.php\/terra-di-cilento-bestellung\/\" \/>\n<meta property=\"og:locale\" content=\"de_DE\" \/>\n<meta property=\"og:type\" content=\"article\" \/>\n<meta property=\"og:title\" content=\"Terra Di Cilento Bestellung DE - Villa Lila\" \/>\n<meta property=\"og:description\" content=\"Terra Di Cilento Bestellung Unser hochwertiges Oliven\u00f6l wird aus besten Oliven gewonnen und \u00fcberzeugt durch seinen frischen, vollmundigen Geschmack. Es eignet sich ideal f\u00fcr die t\u00e4gliche K\u00fcche, sei es zum Kochen, Braten oder f\u00fcr Salate. Durch die sorgf\u00e4ltige Herstellung bleibt das \u00d6l besonders reich an wertvollen Inhaltsstoffen und Vitaminen. Wir bieten Ihnen unser erstklassiges Oliven\u00f6l [&hellip;]\" \/>\n<meta property=\"og:url\" content=\"https:\/\/www.villa-lila.com\/index.php\/terra-di-cilento-bestellung\/\" \/>\n<meta property=\"og:site_name\" content=\"Villa Lila\" \/>\n<meta property=\"article:publisher\" content=\"https:\/\/www.facebook.com\/villalila.laureana\/\" \/>\n<meta property=\"article:modified_time\" content=\"2025-02-27T07:01:38+00:00\" \/>\n<meta property=\"og:image\" content=\"https:\/\/www.villa-lila.com\/wp-content\/uploads\/2023\/10\/pexels-alina-skazka-14763509_1920-e1697007501129.jpg\" \/>\n\t<meta property=\"og:image:width\" content=\"1062\" \/>\n\t<meta property=\"og:image:height\" content=\"1561\" \/>\n\t<meta property=\"og:image:type\" content=\"image\/jpeg\" \/>\n<meta name=\"twitter:card\" content=\"summary_large_image\" \/>\n<meta name=\"twitter:label1\" content=\"Gesch\u00e4tzte Lesezeit\" \/>\n\t<meta name=\"twitter:data1\" content=\"1\u00a0Minute\" \/>\n<script type=\"application\/ld+json\" class=\"yoast-schema-graph\">{\"@context\":\"https:\\\/\\\/schema.org\",\"@graph\":[{\"@type\":\"WebPage\",\"@id\":\"https:\\\/\\\/www.villa-lila.com\\\/index.php\\\/terra-di-cilento-bestellung\\\/\",\"url\":\"https:\\\/\\\/www.villa-lila.com\\\/index.php\\\/terra-di-cilento-bestellung\\\/\",\"name\":\"Terra Di Cilento Bestellung DE - Villa Lila\",\"isPartOf\":{\"@id\":\"https:\\\/\\\/www.villa-lila.com\\\/#website\"},\"primaryImageOfPage\":{\"@id\":\"https:\\\/\\\/www.villa-lila.com\\\/index.php\\\/terra-di-cilento-bestellung\\\/#primaryimage\"},\"image\":{\"@id\":\"https:\\\/\\\/www.villa-lila.com\\\/index.php\\\/terra-di-cilento-bestellung\\\/#primaryimage\"},\"thumbnailUrl\":\"https:\\\/\\\/www.villa-lila.com\\\/wp-content\\\/uploads\\\/2023\\\/10\\\/pexels-alina-skazka-14763509_1920-e1697007501129-697x1024.jpg\",\"datePublished\":\"2023-08-30T07:16:50+00:00\",\"dateModified\":\"2025-02-27T07:01:38+00:00\",\"breadcrumb\":{\"@id\":\"https:\\\/\\\/www.villa-lila.com\\\/index.php\\\/terra-di-cilento-bestellung\\\/#breadcrumb\"},\"inLanguage\":\"de\",\"potentialAction\":[{\"@type\":\"ReadAction\",\"target\":[\"https:\\\/\\\/www.villa-lila.com\\\/index.php\\\/terra-di-cilento-bestellung\\\/\"]}]},{\"@type\":\"ImageObject\",\"inLanguage\":\"de\",\"@id\":\"https:\\\/\\\/www.villa-lila.com\\\/index.php\\\/terra-di-cilento-bestellung\\\/#primaryimage\",\"url\":\"https:\\\/\\\/www.villa-lila.com\\\/wp-content\\\/uploads\\\/2023\\\/10\\\/pexels-alina-skazka-14763509_1920-e1697007501129.jpg\",\"contentUrl\":\"https:\\\/\\\/www.villa-lila.com\\\/wp-content\\\/uploads\\\/2023\\\/10\\\/pexels-alina-skazka-14763509_1920-e1697007501129.jpg\",\"width\":1062,\"height\":1561},{\"@type\":\"BreadcrumbList\",\"@id\":\"https:\\\/\\\/www.villa-lila.com\\\/index.php\\\/terra-di-cilento-bestellung\\\/#breadcrumb\",\"itemListElement\":[{\"@type\":\"ListItem\",\"position\":1,\"name\":\"Startseite\",\"item\":\"https:\\\/\\\/www.villa-lila.com\\\/\"},{\"@type\":\"ListItem\",\"position\":2,\"name\":\"Terra Di Cilento Bestellung DE\"}]},{\"@type\":\"WebSite\",\"@id\":\"https:\\\/\\\/www.villa-lila.com\\\/#website\",\"url\":\"https:\\\/\\\/www.villa-lila.com\\\/\",\"name\":\"Villa Lila\",\"description\":\"\",\"publisher\":{\"@id\":\"https:\\\/\\\/www.villa-lila.com\\\/#organization\"},\"potentialAction\":[{\"@type\":\"SearchAction\",\"target\":{\"@type\":\"EntryPoint\",\"urlTemplate\":\"https:\\\/\\\/www.villa-lila.com\\\/?s={search_term_string}\"},\"query-input\":{\"@type\":\"PropertyValueSpecification\",\"valueRequired\":true,\"valueName\":\"search_term_string\"}}],\"inLanguage\":\"de\"},{\"@type\":\"Organization\",\"@id\":\"https:\\\/\\\/www.villa-lila.com\\\/#organization\",\"name\":\"Villa Lila\",\"url\":\"https:\\\/\\\/www.villa-lila.com\\\/\",\"logo\":{\"@type\":\"ImageObject\",\"inLanguage\":\"de\",\"@id\":\"https:\\\/\\\/www.villa-lila.com\\\/#\\\/schema\\\/logo\\\/image\\\/\",\"url\":\"https:\\\/\\\/www.villa-lila.com\\\/wp-content\\\/uploads\\\/2023\\\/07\\\/Villa-Lila-Logo-icon-04-04-04-04.png\",\"contentUrl\":\"https:\\\/\\\/www.villa-lila.com\\\/wp-content\\\/uploads\\\/2023\\\/07\\\/Villa-Lila-Logo-icon-04-04-04-04.png\",\"width\":2134,\"height\":2134,\"caption\":\"Villa Lila\"},\"image\":{\"@id\":\"https:\\\/\\\/www.villa-lila.com\\\/#\\\/schema\\\/logo\\\/image\\\/\"},\"sameAs\":[\"https:\\\/\\\/www.facebook.com\\\/villalila.laureana\\\/\",\"https:\\\/\\\/www.instagram.com\\\/villa_lila_laureana\\\/\"]}]}<\/script>\n<!-- \/ Yoast SEO plugin. -->","yoast_head_json":{"title":"Terra Di Cilento Bestellung DE - Villa Lila","robots":{"index":"index","follow":"follow","max-snippet":"max-snippet:-1","max-image-preview":"max-image-preview:large","max-video-preview":"max-video-preview:-1"},"canonical":"https:\/\/www.villa-lila.com\/index.php\/terra-di-cilento-bestellung\/","og_locale":"de_DE","og_type":"article","og_title":"Terra Di Cilento Bestellung DE - Villa Lila","og_description":"Terra Di Cilento Bestellung Unser hochwertiges Oliven\u00f6l wird aus besten Oliven gewonnen und \u00fcberzeugt durch seinen frischen, vollmundigen Geschmack. Es eignet sich ideal f\u00fcr die t\u00e4gliche K\u00fcche, sei es zum Kochen, Braten oder f\u00fcr Salate. Durch die sorgf\u00e4ltige Herstellung bleibt das \u00d6l besonders reich an wertvollen Inhaltsstoffen und Vitaminen. Wir bieten Ihnen unser erstklassiges Oliven\u00f6l [&hellip;]","og_url":"https:\/\/www.villa-lila.com\/index.php\/terra-di-cilento-bestellung\/","og_site_name":"Villa Lila","article_publisher":"https:\/\/www.facebook.com\/villalila.laureana\/","article_modified_time":"2025-02-27T07:01:38+00:00","og_image":[{"width":1062,"height":1561,"url":"https:\/\/www.villa-lila.com\/wp-content\/uploads\/2023\/10\/pexels-alina-skazka-14763509_1920-e1697007501129.jpg","type":"image\/jpeg"}],"twitter_card":"summary_large_image","twitter_misc":{"Gesch\u00e4tzte Lesezeit":"1\u00a0Minute"},"schema":{"@context":"https:\/\/schema.org","@graph":[{"@type":"WebPage","@id":"https:\/\/www.villa-lila.com\/index.php\/terra-di-cilento-bestellung\/","url":"https:\/\/www.villa-lila.com\/index.php\/terra-di-cilento-bestellung\/","name":"Terra Di Cilento Bestellung DE - Villa Lila","isPartOf":{"@id":"https:\/\/www.villa-lila.com\/#website"},"primaryImageOfPage":{"@id":"https:\/\/www.villa-lila.com\/index.php\/terra-di-cilento-bestellung\/#primaryimage"},"image":{"@id":"https:\/\/www.villa-lila.com\/index.php\/terra-di-cilento-bestellung\/#primaryimage"},"thumbnailUrl":"https:\/\/www.villa-lila.com\/wp-content\/uploads\/2023\/10\/pexels-alina-skazka-14763509_1920-e1697007501129-697x1024.jpg","datePublished":"2023-08-30T07:16:50+00:00","dateModified":"2025-02-27T07:01:38+00:00","breadcrumb":{"@id":"https:\/\/www.villa-lila.com\/index.php\/terra-di-cilento-bestellung\/#breadcrumb"},"inLanguage":"de","potentialAction":[{"@type":"ReadAction","target":["https:\/\/www.villa-lila.com\/index.php\/terra-di-cilento-bestellung\/"]}]},{"@type":"ImageObject","inLanguage":"de","@id":"https:\/\/www.villa-lila.com\/index.php\/terra-di-cilento-bestellung\/#primaryimage","url":"https:\/\/www.villa-lila.com\/wp-content\/uploads\/2023\/10\/pexels-alina-skazka-14763509_1920-e1697007501129.jpg","contentUrl":"https:\/\/www.villa-lila.com\/wp-content\/uploads\/2023\/10\/pexels-alina-skazka-14763509_1920-e1697007501129.jpg","width":1062,"height":1561},{"@type":"BreadcrumbList","@id":"https:\/\/www.villa-lila.com\/index.php\/terra-di-cilento-bestellung\/#breadcrumb","itemListElement":[{"@type":"ListItem","position":1,"name":"Startseite","item":"https:\/\/www.villa-lila.com\/"},{"@type":"ListItem","position":2,"name":"Terra Di Cilento Bestellung DE"}]},{"@type":"WebSite","@id":"https:\/\/www.villa-lila.com\/#website","url":"https:\/\/www.villa-lila.com\/","name":"Villa Lila","description":"","publisher":{"@id":"https:\/\/www.villa-lila.com\/#organization"},"potentialAction":[{"@type":"SearchAction","target":{"@type":"EntryPoint","urlTemplate":"https:\/\/www.villa-lila.com\/?s={search_term_string}"},"query-input":{"@type":"PropertyValueSpecification","valueRequired":true,"valueName":"search_term_string"}}],"inLanguage":"de"},{"@type":"Organization","@id":"https:\/\/www.villa-lila.com\/#organization","name":"Villa Lila","url":"https:\/\/www.villa-lila.com\/","logo":{"@type":"ImageObject","inLanguage":"de","@id":"https:\/\/www.villa-lila.com\/#\/schema\/logo\/image\/","url":"https:\/\/www.villa-lila.com\/wp-content\/uploads\/2023\/07\/Villa-Lila-Logo-icon-04-04-04-04.png","contentUrl":"https:\/\/www.villa-lila.com\/wp-content\/uploads\/2023\/07\/Villa-Lila-Logo-icon-04-04-04-04.png","width":2134,"height":2134,"caption":"Villa Lila"},"image":{"@id":"https:\/\/www.villa-lila.com\/#\/schema\/logo\/image\/"},"sameAs":["https:\/\/www.facebook.com\/villalila.laureana\/","https:\/\/www.instagram.com\/villa_lila_laureana\/"]}]}},"_links":{"self":[{"href":"https:\/\/www.villa-lila.com\/index.php\/wp-json\/wp\/v2\/pages\/1585","targetHints":{"allow":["GET"]}}],"collection":[{"href":"https:\/\/www.villa-lila.com\/index.php\/wp-json\/wp\/v2\/pages"}],"about":[{"href":"https:\/\/www.villa-lila.com\/index.php\/wp-json\/wp\/v2\/types\/page"}],"author":[{"embeddable":true,"href":"https:\/\/www.villa-lila.com\/index.php\/wp-json\/wp\/v2\/users\/1"}],"replies":[{"embeddable":true,"href":"https:\/\/www.villa-lila.com\/index.php\/wp-json\/wp\/v2\/comments?post=1585"}],"version-history":[{"count":48,"href":"https:\/\/www.villa-lila.com\/index.php\/wp-json\/wp\/v2\/pages\/1585\/revisions"}],"predecessor-version":[{"id":3723,"href":"https:\/\/www.villa-lila.com\/index.php\/wp-json\/wp\/v2\/pages\/1585\/revisions\/3723"}],"wp:attachment":[{"href":"https:\/\/www.villa-lila.com\/index.php\/wp-json\/wp\/v2\/media?parent=1585"}],"curies":[{"name":"wp","href":"https:\/\/api.w.org\/{rel}","templated":true}]}}