{"id":307,"date":"2023-07-14T08:25:16","date_gmt":"2023-07-14T08:25:16","guid":{"rendered":"https:\/\/www.villa-lila.com\/?page_id=307"},"modified":"2025-05-20T07:37:10","modified_gmt":"2025-05-20T07:37:10","slug":"impressum","status":"publish","type":"page","link":"https:\/\/www.villa-lila.com\/index.php\/impressum\/","title":{"rendered":"Impressum DE"},"content":{"rendered":"\t\t<div data-elementor-type=\"wp-page\" data-elementor-id=\"307\" class=\"elementor elementor-307\">\n\t\t\t\t\t\t<section class=\"elementor-section elementor-top-section elementor-element elementor-element-ad3264f ct-section-stretched elementor-section-boxed elementor-section-height-default elementor-section-height-default\" data-id=\"ad3264f\" data-element_type=\"section\" data-e-type=\"section\">\n\t\t\t\t\t\t\t<div class=\"elementor-background-overlay\"><\/div>\n\t\t\t\t\t\t\t<div class=\"elementor-container elementor-column-gap-default\">\n\t\t\t\t\t<div class=\"elementor-column elementor-col-100 elementor-top-column elementor-element elementor-element-2f6a864\" data-id=\"2f6a864\" data-element_type=\"column\" data-e-type=\"column\">\n\t\t\t<div class=\"elementor-widget-wrap elementor-element-populated\">\n\t\t\t\t\t\t<div class=\"elementor-element elementor-element-fec15be elementor-widget elementor-widget-heading\" data-id=\"fec15be\" data-element_type=\"widget\" data-e-type=\"widget\" data-widget_type=\"heading.default\">\n\t\t\t\t<div class=\"elementor-widget-container\">\n\t\t\t\t\t<h2 class=\"elementor-heading-title elementor-size-default\">Impressum<\/h2>\t\t\t\t<\/div>\n\t\t\t\t<\/div>\n\t\t\t\t\t<\/div>\n\t\t<\/div>\n\t\t\t\t\t<\/div>\n\t\t<\/section>\n\t\t\t\t<section class=\"elementor-section elementor-top-section elementor-element elementor-element-c2bb247 elementor-section-boxed elementor-section-height-default elementor-section-height-default\" data-id=\"c2bb247\" data-element_type=\"section\" data-e-type=\"section\">\n\t\t\t\t\t\t<div class=\"elementor-container elementor-column-gap-default\">\n\t\t\t\t\t<div class=\"elementor-column elementor-col-50 elementor-top-column elementor-element elementor-element-d4cc25d\" data-id=\"d4cc25d\" data-element_type=\"column\" data-e-type=\"column\">\n\t\t\t<div class=\"elementor-widget-wrap elementor-element-populated\">\n\t\t\t\t\t\t<div class=\"elementor-element elementor-element-d323e34 elementor-widget elementor-widget-heading\" data-id=\"d323e34\" data-element_type=\"widget\" data-e-type=\"widget\" data-widget_type=\"heading.default\">\n\t\t\t\t<div class=\"elementor-widget-container\">\n\t\t\t\t\t<h3 class=\"elementor-heading-title elementor-size-default\">Villa Lila<\/h3>\t\t\t\t<\/div>\n\t\t\t\t<\/div>\n\t\t\t\t<div class=\"elementor-element elementor-element-e020fde elementor-widget__width-initial elementor-widget elementor-widget-text-editor\" data-id=\"e020fde\" data-element_type=\"widget\" data-e-type=\"widget\" data-widget_type=\"text-editor.default\">\n\t\t\t\t<div class=\"elementor-widget-container\">\n\t\t\t\t\t\t\t\t\t<h3 class=\"rteleft\">Angaben gem\u00e4\u00df \u00a7 5 TMG<\/h3><p>Tomas Della Pepa<\/p><p>An der Fohlenweide 20<\/p><p>67112 Mutterstadt DE<\/p><p>CIN:IT065060C27VVBMA5J<\/p><h3>Adresse der Villa<\/h3><p>Via Aldo Moro 66,<\/p><p>84050 Laureana Cilento<\/p><h3 class=\"rteleft\">Kontakt<\/h3><p>Telefon:<span style=\"background-color: var(--palettecolor6); color: var(--color); font-family: var(--fontFamily); font-size: inherit; font-weight: var(--fontWeight); letter-spacing: var(--letterSpacing); text-align: inherit; text-transform: var(--textTransform);\">\u00a0+49 176 44499777<\/span><\/p><p>E-Mail: <a href=\"mailto:tomas@dellapepa.de\">tomas@<\/a><a href=\"mailto:tomas@dellapepa.de\">dellapepa.de<\/a><\/p><h3 class=\"wp-block-heading\">EU-Streitschlichtung<\/h3><p>Die Europ\u00e4ische Kommission stellt eine Plattform zur Online-Streitbeilegung (OS) bereit:\u00a0<a href=\"https:\/\/ec.europa.eu\/consumers\/odr\/\" target=\"_blank\" rel=\"noreferrer noopener\">https:\/\/ec.europa.eu\/consumers\/odr\/<\/a>.<br \/>Unsere E-Mail-Adresse finden Sie oben im Impressum.<\/p><h3 class=\"wp-block-heading\">Verbraucher\u00adstreit\u00adbeilegung\/Universal\u00adschlichtungs\u00adstelle<\/h3><p>Wir sind nicht bereit oder verpflichtet, an Streitbeilegungsverfahren vor einer Verbraucherschlichtungsstelle teilzunehmen.<\/p><h3 class=\"wp-block-heading\">Haftungsausschluss<\/h3><p>Die Angaben auf diesen Seiten erfolgen ohne jede Gew\u00e4hr, insbesondere ohne ausdr\u00fcckliche oder stillschweigende Zusage der Eignung f\u00fcr einen bestimmten Zweck oder der Freiheit von Rechten Dritter. Wir \u00fcbernehmen keinerlei Gew\u00e4hr f\u00fcr den Zeitpunkt, die Aktualit\u00e4t oder die M\u00e4ngelfreiheit der Angaben auf diesen Seiten.<\/p><h3 class=\"wp-block-heading\">Links<\/h3><p>Wir haben die mit unserer Seite m\u00f6glicherweise verkn\u00fcpften Seiten nicht \u00fcberpr\u00fcft. Wir sind weder f\u00fcr den Inhalt fremder Seiten verantwortlich, noch machen wir uns diese zu eigen. Wir \u00fcbernehmen keine Verantwortung f\u00fcr den Inhalt von Internetseiten, auf die von unserer Website direkt oder indirekt verwiesen wird. Besucher folgen Verbindungen zu anderen Websites auf eigene Gefahr und nutzen sie gem\u00e4\u00df den jeweils geltenden Nutzungsbedingungen der entsprechenden Websites.<\/p><h3 class=\"wp-block-heading\">Datenschutz<\/h3><p>Wir freuen uns \u00fcber Ihren Besuch auf dieser Website sowie \u00fcber Ihr Interesse an unserem Angebot. Wir nehmen den Schutz Ihrer privaten Daten ernst und m\u00f6chten, dass Sie sich auf unserer Website wohl f\u00fchlen. Mit dem Besuch oder der Nutzung unserer Website erkl\u00e4ren Sie sich mit unseren Nutzungsbestimmungen einverstanden, die n\u00e4her in unserer\u00a0<a href=\"https:\/\/www.villa-lila.com\/index.php\/datenschutz\/\">Datenschutzerkl\u00e4rung\u00a0<\/a>beschrieben sind.<\/p><h3>Design und Realisierung<\/h3><p>Nina Mack<\/p>\t\t\t\t\t\t\t\t<\/div>\n\t\t\t\t<\/div>\n\t\t\t\t\t<\/div>\n\t\t<\/div>\n\t\t\t\t<div class=\"elementor-column elementor-col-50 elementor-top-column elementor-element elementor-element-ef85a36\" data-id=\"ef85a36\" data-element_type=\"column\" data-e-type=\"column\">\n\t\t\t<div class=\"elementor-widget-wrap\">\n\t\t\t\t\t\t\t<\/div>\n\t\t<\/div>\n\t\t\t\t\t<\/div>\n\t\t<\/section>\n\t\t\t\t<\/div>\n\t\t","protected":false},"excerpt":{"rendered":"<p>Impressum Villa Lila Angaben gem\u00e4\u00df \u00a7 5 TMG Tomas Della Pepa An der Fohlenweide 20 67112 Mutterstadt DE CIN:IT065060C27VVBMA5J Adresse der Villa Via Aldo Moro 66, 84050 Laureana Cilento Kontakt Telefon:\u00a0+49 176 44499777 E-Mail: tomas@dellapepa.de EU-Streitschlichtung Die Europ\u00e4ische Kommission stellt eine Plattform zur Online-Streitbeilegung (OS) bereit:\u00a0https:\/\/ec.europa.eu\/consumers\/odr\/.Unsere E-Mail-Adresse finden Sie oben im Impressum. Verbraucher\u00adstreit\u00adbeilegung\/Universal\u00adschlichtungs\u00adstelle Wir sind [&hellip;]<\/p>\n","protected":false},"author":1,"featured_media":0,"parent":0,"menu_order":0,"comment_status":"closed","ping_status":"closed","template":"","meta":{"footnotes":""},"class_list":["post-307","page","type-page","status-publish","hentry"],"blocksy_meta":[],"yoast_head":"<!-- This site is optimized with the Yoast SEO plugin v27.4 - https:\/\/yoast.com\/product\/yoast-seo-wordpress\/ -->\n<title>Villa Lila | Impressum<\/title>\n<meta name=\"description\" content=\"Tomas Della Pepa | +49 176 44499777 | tomas@dellapepa.de - Weitere Informationen zum Inhaber und der Verwaltung dieser Webseite.\" \/>\n<meta name=\"robots\" content=\"index, follow, max-snippet:-1, max-image-preview:large, max-video-preview:-1\" \/>\n<link rel=\"canonical\" href=\"https:\/\/www.villa-lila.com\/index.php\/impressum\/\" \/>\n<meta property=\"og:locale\" content=\"de_DE\" \/>\n<meta property=\"og:type\" content=\"article\" \/>\n<meta property=\"og:title\" content=\"Villa Lila | Impressum\" \/>\n<meta property=\"og:description\" content=\"Tomas Della Pepa | +49 176 44499777 | tomas@dellapepa.de - Weitere Informationen zum Inhaber und der Verwaltung dieser Webseite.\" \/>\n<meta property=\"og:url\" content=\"https:\/\/www.villa-lila.com\/index.php\/impressum\/\" \/>\n<meta property=\"og:site_name\" content=\"Villa Lila\" \/>\n<meta property=\"article:publisher\" content=\"https:\/\/www.facebook.com\/villalila.laureana\/\" \/>\n<meta property=\"article:modified_time\" content=\"2025-05-20T07:37:10+00:00\" \/>\n<meta name=\"twitter:card\" content=\"summary_large_image\" \/>\n<meta name=\"twitter:label1\" content=\"Gesch\u00e4tzte Lesezeit\" \/>\n\t<meta name=\"twitter:data1\" content=\"2\u00a0Minuten\" \/>\n<script type=\"application\/ld+json\" class=\"yoast-schema-graph\">{\"@context\":\"https:\\\/\\\/schema.org\",\"@graph\":[{\"@type\":\"WebPage\",\"@id\":\"https:\\\/\\\/www.villa-lila.com\\\/index.php\\\/impressum\\\/\",\"url\":\"https:\\\/\\\/www.villa-lila.com\\\/index.php\\\/impressum\\\/\",\"name\":\"Villa Lila | Impressum\",\"isPartOf\":{\"@id\":\"https:\\\/\\\/www.villa-lila.com\\\/#website\"},\"datePublished\":\"2023-07-14T08:25:16+00:00\",\"dateModified\":\"2025-05-20T07:37:10+00:00\",\"description\":\"Tomas Della Pepa | +49 176 44499777 | tomas@dellapepa.de - Weitere Informationen zum Inhaber und der Verwaltung dieser Webseite.\",\"breadcrumb\":{\"@id\":\"https:\\\/\\\/www.villa-lila.com\\\/index.php\\\/impressum\\\/#breadcrumb\"},\"inLanguage\":\"de\",\"potentialAction\":[{\"@type\":\"ReadAction\",\"target\":[\"https:\\\/\\\/www.villa-lila.com\\\/index.php\\\/impressum\\\/\"]}]},{\"@type\":\"BreadcrumbList\",\"@id\":\"https:\\\/\\\/www.villa-lila.com\\\/index.php\\\/impressum\\\/#breadcrumb\",\"itemListElement\":[{\"@type\":\"ListItem\",\"position\":1,\"name\":\"Startseite\",\"item\":\"https:\\\/\\\/www.villa-lila.com\\\/\"},{\"@type\":\"ListItem\",\"position\":2,\"name\":\"Impressum DE\"}]},{\"@type\":\"WebSite\",\"@id\":\"https:\\\/\\\/www.villa-lila.com\\\/#website\",\"url\":\"https:\\\/\\\/www.villa-lila.com\\\/\",\"name\":\"Villa Lila\",\"description\":\"\",\"publisher\":{\"@id\":\"https:\\\/\\\/www.villa-lila.com\\\/#organization\"},\"potentialAction\":[{\"@type\":\"SearchAction\",\"target\":{\"@type\":\"EntryPoint\",\"urlTemplate\":\"https:\\\/\\\/www.villa-lila.com\\\/?s={search_term_string}\"},\"query-input\":{\"@type\":\"PropertyValueSpecification\",\"valueRequired\":true,\"valueName\":\"search_term_string\"}}],\"inLanguage\":\"de\"},{\"@type\":\"Organization\",\"@id\":\"https:\\\/\\\/www.villa-lila.com\\\/#organization\",\"name\":\"Villa Lila\",\"url\":\"https:\\\/\\\/www.villa-lila.com\\\/\",\"logo\":{\"@type\":\"ImageObject\",\"inLanguage\":\"de\",\"@id\":\"https:\\\/\\\/www.villa-lila.com\\\/#\\\/schema\\\/logo\\\/image\\\/\",\"url\":\"https:\\\/\\\/www.villa-lila.com\\\/wp-content\\\/uploads\\\/2023\\\/07\\\/Villa-Lila-Logo-icon-04-04-04-04.png\",\"contentUrl\":\"https:\\\/\\\/www.villa-lila.com\\\/wp-content\\\/uploads\\\/2023\\\/07\\\/Villa-Lila-Logo-icon-04-04-04-04.png\",\"width\":2134,\"height\":2134,\"caption\":\"Villa Lila\"},\"image\":{\"@id\":\"https:\\\/\\\/www.villa-lila.com\\\/#\\\/schema\\\/logo\\\/image\\\/\"},\"sameAs\":[\"https:\\\/\\\/www.facebook.com\\\/villalila.laureana\\\/\",\"https:\\\/\\\/www.instagram.com\\\/villa_lila_laureana\\\/\"]}]}<\/script>\n<!-- \/ Yoast SEO plugin. -->","yoast_head_json":{"title":"Villa Lila | Impressum","description":"Tomas Della Pepa | +49 176 44499777 | tomas@dellapepa.de - Weitere Informationen zum Inhaber und der Verwaltung dieser Webseite.","robots":{"index":"index","follow":"follow","max-snippet":"max-snippet:-1","max-image-preview":"max-image-preview:large","max-video-preview":"max-video-preview:-1"},"canonical":"https:\/\/www.villa-lila.com\/index.php\/impressum\/","og_locale":"de_DE","og_type":"article","og_title":"Villa Lila | Impressum","og_description":"Tomas Della Pepa | +49 176 44499777 | tomas@dellapepa.de - Weitere Informationen zum Inhaber und der Verwaltung dieser Webseite.","og_url":"https:\/\/www.villa-lila.com\/index.php\/impressum\/","og_site_name":"Villa Lila","article_publisher":"https:\/\/www.facebook.com\/villalila.laureana\/","article_modified_time":"2025-05-20T07:37:10+00:00","twitter_card":"summary_large_image","twitter_misc":{"Gesch\u00e4tzte Lesezeit":"2\u00a0Minuten"},"schema":{"@context":"https:\/\/schema.org","@graph":[{"@type":"WebPage","@id":"https:\/\/www.villa-lila.com\/index.php\/impressum\/","url":"https:\/\/www.villa-lila.com\/index.php\/impressum\/","name":"Villa Lila | Impressum","isPartOf":{"@id":"https:\/\/www.villa-lila.com\/#website"},"datePublished":"2023-07-14T08:25:16+00:00","dateModified":"2025-05-20T07:37:10+00:00","description":"Tomas Della Pepa | +49 176 44499777 | tomas@dellapepa.de - Weitere Informationen zum Inhaber und der Verwaltung dieser Webseite.","breadcrumb":{"@id":"https:\/\/www.villa-lila.com\/index.php\/impressum\/#breadcrumb"},"inLanguage":"de","potentialAction":[{"@type":"ReadAction","target":["https:\/\/www.villa-lila.com\/index.php\/impressum\/"]}]},{"@type":"BreadcrumbList","@id":"https:\/\/www.villa-lila.com\/index.php\/impressum\/#breadcrumb","itemListElement":[{"@type":"ListItem","position":1,"name":"Startseite","item":"https:\/\/www.villa-lila.com\/"},{"@type":"ListItem","position":2,"name":"Impressum DE"}]},{"@type":"WebSite","@id":"https:\/\/www.villa-lila.com\/#website","url":"https:\/\/www.villa-lila.com\/","name":"Villa Lila","description":"","publisher":{"@id":"https:\/\/www.villa-lila.com\/#organization"},"potentialAction":[{"@type":"SearchAction","target":{"@type":"EntryPoint","urlTemplate":"https:\/\/www.villa-lila.com\/?s={search_term_string}"},"query-input":{"@type":"PropertyValueSpecification","valueRequired":true,"valueName":"search_term_string"}}],"inLanguage":"de"},{"@type":"Organization","@id":"https:\/\/www.villa-lila.com\/#organization","name":"Villa Lila","url":"https:\/\/www.villa-lila.com\/","logo":{"@type":"ImageObject","inLanguage":"de","@id":"https:\/\/www.villa-lila.com\/#\/schema\/logo\/image\/","url":"https:\/\/www.villa-lila.com\/wp-content\/uploads\/2023\/07\/Villa-Lila-Logo-icon-04-04-04-04.png","contentUrl":"https:\/\/www.villa-lila.com\/wp-content\/uploads\/2023\/07\/Villa-Lila-Logo-icon-04-04-04-04.png","width":2134,"height":2134,"caption":"Villa Lila"},"image":{"@id":"https:\/\/www.villa-lila.com\/#\/schema\/logo\/image\/"},"sameAs":["https:\/\/www.facebook.com\/villalila.laureana\/","https:\/\/www.instagram.com\/villa_lila_laureana\/"]}]}},"_links":{"self":[{"href":"https:\/\/www.villa-lila.com\/index.php\/wp-json\/wp\/v2\/pages\/307","targetHints":{"allow":["GET"]}}],"collection":[{"href":"https:\/\/www.villa-lila.com\/index.php\/wp-json\/wp\/v2\/pages"}],"about":[{"href":"https:\/\/www.villa-lila.com\/index.php\/wp-json\/wp\/v2\/types\/page"}],"author":[{"embeddable":true,"href":"https:\/\/www.villa-lila.com\/index.php\/wp-json\/wp\/v2\/users\/1"}],"replies":[{"embeddable":true,"href":"https:\/\/www.villa-lila.com\/index.php\/wp-json\/wp\/v2\/comments?post=307"}],"version-history":[{"count":10,"href":"https:\/\/www.villa-lila.com\/index.php\/wp-json\/wp\/v2\/pages\/307\/revisions"}],"predecessor-version":[{"id":4071,"href":"https:\/\/www.villa-lila.com\/index.php\/wp-json\/wp\/v2\/pages\/307\/revisions\/4071"}],"wp:attachment":[{"href":"https:\/\/www.villa-lila.com\/index.php\/wp-json\/wp\/v2\/media?parent=307"}],"curies":[{"name":"wp","href":"https:\/\/api.w.org\/{rel}","templated":true}]}}