{"id":461,"date":"2023-07-18T08:22:53","date_gmt":"2023-07-18T08:22:53","guid":{"rendered":"https:\/\/www.villa-lila.com\/?page_id=461"},"modified":"2025-05-14T09:28:42","modified_gmt":"2025-05-14T09:28:42","slug":"kontakt","status":"publish","type":"page","link":"https:\/\/www.villa-lila.com\/index.php\/kontakt\/","title":{"rendered":"Kontakt DE"},"content":{"rendered":"\t\t<div data-elementor-type=\"wp-page\" data-elementor-id=\"461\" class=\"elementor elementor-461\">\n\t\t\t\t\t\t<section class=\"elementor-section elementor-top-section elementor-element elementor-element-397fadf elementor-section-boxed elementor-section-height-default elementor-section-height-default\" data-id=\"397fadf\" data-element_type=\"section\" data-e-type=\"section\">\n\t\t\t\t\t\t<div class=\"elementor-container elementor-column-gap-default\">\n\t\t\t\t\t<div class=\"elementor-column elementor-col-100 elementor-top-column elementor-element elementor-element-d917def\" data-id=\"d917def\" data-element_type=\"column\" data-e-type=\"column\">\n\t\t\t<div class=\"elementor-widget-wrap elementor-element-populated\">\n\t\t\t\t\t\t<div class=\"elementor-element elementor-element-a897da5 elementor-widget elementor-widget-heading\" data-id=\"a897da5\" data-element_type=\"widget\" data-e-type=\"widget\" data-widget_type=\"heading.default\">\n\t\t\t\t<div class=\"elementor-widget-container\">\n\t\t\t\t\t<h3 class=\"elementor-heading-title elementor-size-default\">Senden sie uns ihre Anfrage<\/h3>\t\t\t\t<\/div>\n\t\t\t\t<\/div>\n\t\t\t\t<section class=\"elementor-section elementor-inner-section elementor-element elementor-element-d22bdfa elementor-section-boxed elementor-section-height-default elementor-section-height-default\" data-id=\"d22bdfa\" data-element_type=\"section\" data-e-type=\"section\">\n\t\t\t\t\t\t<div class=\"elementor-container elementor-column-gap-default\">\n\t\t\t\t\t<div class=\"elementor-column elementor-col-50 elementor-inner-column elementor-element elementor-element-386134e\" data-id=\"386134e\" data-element_type=\"column\" data-e-type=\"column\">\n\t\t\t<div class=\"elementor-widget-wrap elementor-element-populated\">\n\t\t\t\t\t\t<div class=\"elementor-element elementor-element-1c54615 elementor-widget elementor-widget-text-editor\" data-id=\"1c54615\" data-element_type=\"widget\" data-e-type=\"widget\" data-widget_type=\"text-editor.default\">\n\t\t\t\t<div class=\"elementor-widget-container\">\n\t\t\t\t\t\t\t\t\t<p>Senden Sie uns gerne eine Anfrage zu Ihrem gew\u00fcnschten Aufenthaltszeitraum. Wir werden Ihre Anfrage schnellstm\u00f6glich bearbeiten und Ihnen R\u00fcckmeldung geben ob der gew\u00fcnschte Termin noch buchbar ist.\u00a0<\/p>\t\t\t\t\t\t\t\t<\/div>\n\t\t\t\t<\/div>\n\t\t\t\t\t<\/div>\n\t\t<\/div>\n\t\t\t\t<div class=\"elementor-column elementor-col-50 elementor-inner-column elementor-element elementor-element-1ca8d16\" data-id=\"1ca8d16\" data-element_type=\"column\" data-e-type=\"column\">\n\t\t\t<div class=\"elementor-widget-wrap\">\n\t\t\t\t\t\t\t<\/div>\n\t\t<\/div>\n\t\t\t\t\t<\/div>\n\t\t<\/section>\n\t\t\t\t\t<\/div>\n\t\t<\/div>\n\t\t\t\t\t<\/div>\n\t\t<\/section>\n\t\t\t\t<section class=\"elementor-section elementor-top-section elementor-element elementor-element-a6ee565 elementor-section-boxed elementor-section-height-default elementor-section-height-default\" data-id=\"a6ee565\" data-element_type=\"section\" data-e-type=\"section\">\n\t\t\t\t\t\t<div class=\"elementor-container elementor-column-gap-default\">\n\t\t\t\t\t<div class=\"elementor-column elementor-col-100 elementor-top-column elementor-element elementor-element-640c714\" data-id=\"640c714\" data-element_type=\"column\" data-e-type=\"column\" data-settings=\"{&quot;background_background&quot;:&quot;classic&quot;}\">\n\t\t\t<div class=\"elementor-widget-wrap elementor-element-populated\">\n\t\t\t\t\t\t<div class=\"elementor-element elementor-element-7555037 elementor-widget elementor-widget-shortcode\" data-id=\"7555037\" data-element_type=\"widget\" data-e-type=\"widget\" data-widget_type=\"shortcode.default\">\n\t\t\t\t<div class=\"elementor-widget-container\">\n\t\t\t\t\t\t\t<div class=\"elementor-shortcode\">\n<div class=\"wpcf7 no-js\" id=\"wpcf7-f460-o1\" lang=\"de-DE\" dir=\"ltr\" data-wpcf7-id=\"460\">\n<div class=\"screen-reader-response\"><p role=\"status\" aria-live=\"polite\" aria-atomic=\"true\"><\/p> <ul><\/ul><\/div>\n<form action=\"\/index.php\/wp-json\/wp\/v2\/pages\/461#wpcf7-f460-o1\" method=\"post\" class=\"wpcf7-form init wpcf7-acceptance-as-validation\" aria-label=\"Kontaktformular\" novalidate=\"novalidate\" data-status=\"init\">\n<fieldset class=\"hidden-fields-container\"><input type=\"hidden\" name=\"_wpcf7\" value=\"460\" \/><input type=\"hidden\" name=\"_wpcf7_version\" value=\"6.1.5\" \/><input type=\"hidden\" name=\"_wpcf7_locale\" value=\"de_DE\" \/><input type=\"hidden\" name=\"_wpcf7_unit_tag\" value=\"wpcf7-f460-o1\" \/><input type=\"hidden\" name=\"_wpcf7_container_post\" value=\"0\" \/><input type=\"hidden\" name=\"_wpcf7_posted_data_hash\" value=\"\" \/>\n<\/fieldset>\n<p><label>\n\t\t<font size=5px>Angaben zur Buchung\n\t\t<\/font><\/label> (nur Sa-Sa)\n<\/p>\n<p><label> Anreise*<br \/>\n<span class=\"wpcf7-form-control-wrap\" data-name=\"checkin\"><input class=\"wpcf7-form-control wpcf7-date wpcf7-validates-as-required wpcf7-validates-as-date\" aria-required=\"true\" aria-invalid=\"false\" value=\"\" type=\"date\" name=\"checkin\" \/><\/span><\/label>\n<\/p>\n<p><label> Abreise*<br \/>\n<span class=\"wpcf7-form-control-wrap\" data-name=\"checkout\"><input class=\"wpcf7-form-control wpcf7-date wpcf7-validates-as-required wpcf7-validates-as-date\" aria-required=\"true\" aria-invalid=\"false\" value=\"\" type=\"date\" name=\"checkout\" \/><\/span><\/label>\n<\/p>\n<p><label> Erwachsene*<br \/>\n<span class=\"wpcf7-form-control-wrap\" data-name=\"erwachsene\"><input class=\"wpcf7-form-control wpcf7-number wpcf7-validates-as-required wpcf7-validates-as-number\" min=\"1\" max=\"6\" aria-required=\"true\" aria-invalid=\"false\" placeholder=\"1\" value=\"\" type=\"number\" name=\"erwachsene\" \/><\/span><\/label>\n<\/p>\n<p><label> Kinder*<br \/>\n<span class=\"wpcf7-form-control-wrap\" data-name=\"kinder\"><input class=\"wpcf7-form-control wpcf7-number wpcf7-validates-as-required wpcf7-validates-as-number\" min=\"0\" max=\"5\" aria-required=\"true\" aria-invalid=\"false\" placeholder=\"0\" value=\"\" type=\"number\" name=\"kinder\" \/><\/span><\/label>\n<\/p>\n<p><label>\n\t\t<font color=\"grey\"><span class=\"wpcf7-form-control-wrap\" data-name=\"haustier\"><span class=\"wpcf7-form-control wpcf7-checkbox\"><span class=\"wpcf7-list-item first last\"><label><input type=\"checkbox\" name=\"haustier[]\" value=\"ein Haustier hinzubuchen\" \/><span class=\"wpcf7-list-item-label\">ein Haustier hinzubuchen<\/span><\/label><\/span><\/span><\/span>\n\t\t<\/font><\/label>\n<\/p>\n<p><label>\n\t\t<font color=\"grey\"><span class=\"wpcf7-form-control-wrap\" data-name=\"shuttleservice\"><span class=\"wpcf7-form-control wpcf7-checkbox\"><span class=\"wpcf7-list-item first last\"><label><input type=\"checkbox\" name=\"shuttleservice[]\" value=\"Shuttleservice hinzubuchen\" \/><span class=\"wpcf7-list-item-label\">Shuttleservice hinzubuchen<\/span><\/label><\/span><\/span><\/span>\n\t\t<\/font><\/label>\n<\/p>\n<p><label>\n\t\t<font size=5px>Pers\u00f6nliche Angaben\n\t\t<\/font><\/label>\n<\/p>\n<p><label><span class=\"wpcf7-form-control-wrap\" data-name=\"vorname\"><input size=\"40\" maxlength=\"400\" class=\"wpcf7-form-control wpcf7-text wpcf7-validates-as-required\" autocomplete=\"name\" aria-required=\"true\" aria-invalid=\"false\" placeholder=\"Vorname*\" value=\"\" type=\"text\" name=\"vorname\" \/><\/span><\/label>\n<\/p>\n<p><label><span class=\"wpcf7-form-control-wrap\" data-name=\"nachname\"><input size=\"40\" maxlength=\"400\" class=\"wpcf7-form-control wpcf7-text wpcf7-validates-as-required\" autocomplete=\"name\" aria-required=\"true\" aria-invalid=\"false\" placeholder=\"Nachname*\" value=\"\" type=\"text\" name=\"nachname\" \/><\/span><\/label>\n<\/p>\n<p><label><span class=\"wpcf7-form-control-wrap\" data-name=\"email\"><input size=\"40\" maxlength=\"400\" class=\"wpcf7-form-control wpcf7-email wpcf7-validates-as-required wpcf7-text wpcf7-validates-as-email\" autocomplete=\"email\" aria-required=\"true\" aria-invalid=\"false\" placeholder=\"Email*\" value=\"\" type=\"email\" name=\"email\" \/><\/span><\/label>\n<\/p>\n<p><label><span class=\"wpcf7-form-control-wrap\" data-name=\"telefon\"><input size=\"40\" maxlength=\"400\" class=\"wpcf7-form-control wpcf7-tel wpcf7-text wpcf7-validates-as-tel\" aria-invalid=\"false\" placeholder=\"Telefon\" value=\"\" type=\"tel\" name=\"telefon\" \/><\/span><\/label>\n<\/p>\n<p><label>\n\t\t<font size=5px>Adresse\n\t\t<\/font><\/label>\n<\/p>\n<p><label><span class=\"wpcf7-form-control-wrap\" data-name=\"strasseundhausnummer\"><input size=\"40\" maxlength=\"400\" class=\"wpcf7-form-control wpcf7-text wpcf7-validates-as-required\" aria-required=\"true\" aria-invalid=\"false\" placeholder=\"Stra\u00dfe und Hausnummer*\" value=\"\" type=\"text\" name=\"strasseundhausnummer\" \/><\/span><\/label>\n<\/p>\n<p><label><span class=\"wpcf7-form-control-wrap\" data-name=\"PLZ\"><input size=\"40\" maxlength=\"400\" class=\"wpcf7-form-control wpcf7-text wpcf7-validates-as-required\" aria-required=\"true\" aria-invalid=\"false\" placeholder=\"PLZ*\" value=\"\" type=\"text\" name=\"PLZ\" \/><\/span><\/label>\n<\/p>\n<p><label><span class=\"wpcf7-form-control-wrap\" data-name=\"wohnort\"><input size=\"40\" maxlength=\"400\" class=\"wpcf7-form-control wpcf7-text wpcf7-validates-as-required\" aria-required=\"true\" aria-invalid=\"false\" placeholder=\"Wohnort*\" value=\"\" type=\"text\" name=\"wohnort\" \/><\/span><\/label>\n<\/p>\n<p><label><span class=\"wpcf7-form-control-wrap\" data-name=\"land\"><input size=\"40\" maxlength=\"400\" class=\"wpcf7-form-control wpcf7-text wpcf7-validates-as-required\" aria-required=\"true\" aria-invalid=\"false\" placeholder=\"Land*\" value=\"\" type=\"text\" name=\"land\" \/><\/span><\/label>\n<\/p>\n<p><label><span class=\"wpcf7-form-control-wrap\" data-name=\"deine-nachricht\"><textarea cols=\"40\" rows=\"10\" maxlength=\"2000\" class=\"wpcf7-form-control wpcf7-textarea\" aria-invalid=\"false\" placeholder=\"Deine Nachricht (optional)\" name=\"deine-nachricht\"><\/textarea><\/span><\/label>\n<\/p>\n<p><label><span class=\"wpcf7-form-control-wrap\" data-name=\"Datenverarbeitung\"><span class=\"wpcf7-form-control wpcf7-acceptance\"><span class=\"wpcf7-list-item\"><label><input type=\"checkbox\" name=\"Datenverarbeitung\" value=\"1\" aria-invalid=\"false\" \/><span class=\"wpcf7-list-item-label\">Ich stimme zu, dass meine Angaben zur Beantwortung meiner Anfrage erhoben und verarbeitet werden. Diese Einwilligung kann jederzeit per E-Mail an info@villa-lila.com widerrufen werden. Weitere Informationen zum Umgang mit Nutzerdaten habe ich in der <a href=\"https:\/\/www.villa-lila.com\/index.php\/datenschutz\/\">Datenschutzerkl\u00e4rung<\/a> nachgelesen.<\/span><\/label><\/span><\/span><\/span><\/label>\n<\/p>\n<p><input class=\"wpcf7-form-control wpcf7-submit has-spinner\" type=\"submit\" value=\"Anfrage Senden\" \/>\n<\/p><div class=\"wpcf7-response-output\" aria-hidden=\"true\"><\/div>\n<\/form>\n<\/div>\n<\/div>\n\t\t\t\t\t\t<\/div>\n\t\t\t\t<\/div>\n\t\t\t\t\t<\/div>\n\t\t<\/div>\n\t\t\t\t\t<\/div>\n\t\t<\/section>\n\t\t\t\t<\/div>\n\t\t","protected":false},"excerpt":{"rendered":"<p>Senden sie uns ihre Anfrage Senden Sie uns gerne eine Anfrage zu Ihrem gew\u00fcnschten Aufenthaltszeitraum. Wir werden Ihre Anfrage schnellstm\u00f6glich bearbeiten und Ihnen R\u00fcckmeldung geben ob der gew\u00fcnschte Termin noch buchbar ist.\u00a0<\/p>\n","protected":false},"author":1,"featured_media":0,"parent":0,"menu_order":0,"comment_status":"closed","ping_status":"closed","template":"","meta":{"footnotes":""},"class_list":["post-461","page","type-page","status-publish","hentry"],"blocksy_meta":[],"yoast_head":"<!-- This site is optimized with the Yoast SEO plugin v27.4 - https:\/\/yoast.com\/product\/yoast-seo-wordpress\/ -->\n<title>Villa Lila | Kontakt<\/title>\n<meta name=\"description\" content=\"Treten sie mit uns in Kontakt, um ihren Urlaub in der Villa Lila zu buchen oder eine Anfrage zu stellen. Wir helfen ihnen gerne weiter.\" \/>\n<meta name=\"robots\" content=\"index, follow, max-snippet:-1, max-image-preview:large, max-video-preview:-1\" \/>\n<link rel=\"canonical\" href=\"https:\/\/www.villa-lila.com\/index.php\/kontakt\/\" \/>\n<meta property=\"og:locale\" content=\"de_DE\" \/>\n<meta property=\"og:type\" content=\"article\" \/>\n<meta property=\"og:title\" content=\"Villa Lila | Kontakt\" \/>\n<meta property=\"og:description\" content=\"Treten sie mit uns in Kontakt, um ihren Urlaub in der Villa Lila zu buchen oder eine Anfrage zu stellen. Wir helfen ihnen gerne weiter.\" \/>\n<meta property=\"og:url\" content=\"https:\/\/www.villa-lila.com\/index.php\/kontakt\/\" \/>\n<meta property=\"og:site_name\" content=\"Villa Lila\" \/>\n<meta property=\"article:publisher\" content=\"https:\/\/www.facebook.com\/villalila.laureana\/\" \/>\n<meta property=\"article:modified_time\" content=\"2025-05-14T09:28:42+00:00\" \/>\n<meta name=\"twitter:card\" content=\"summary_large_image\" \/>\n<meta name=\"twitter:label1\" content=\"Gesch\u00e4tzte Lesezeit\" \/>\n\t<meta name=\"twitter:data1\" content=\"1\u00a0Minute\" \/>\n<script type=\"application\/ld+json\" class=\"yoast-schema-graph\">{\"@context\":\"https:\\\/\\\/schema.org\",\"@graph\":[{\"@type\":\"WebPage\",\"@id\":\"https:\\\/\\\/www.villa-lila.com\\\/index.php\\\/kontakt\\\/\",\"url\":\"https:\\\/\\\/www.villa-lila.com\\\/index.php\\\/kontakt\\\/\",\"name\":\"Villa Lila | Kontakt\",\"isPartOf\":{\"@id\":\"https:\\\/\\\/www.villa-lila.com\\\/#website\"},\"datePublished\":\"2023-07-18T08:22:53+00:00\",\"dateModified\":\"2025-05-14T09:28:42+00:00\",\"description\":\"Treten sie mit uns in Kontakt, um ihren Urlaub in der Villa Lila zu buchen oder eine Anfrage zu stellen. Wir helfen ihnen gerne weiter.\",\"breadcrumb\":{\"@id\":\"https:\\\/\\\/www.villa-lila.com\\\/index.php\\\/kontakt\\\/#breadcrumb\"},\"inLanguage\":\"de\",\"potentialAction\":[{\"@type\":\"ReadAction\",\"target\":[\"https:\\\/\\\/www.villa-lila.com\\\/index.php\\\/kontakt\\\/\"]}]},{\"@type\":\"BreadcrumbList\",\"@id\":\"https:\\\/\\\/www.villa-lila.com\\\/index.php\\\/kontakt\\\/#breadcrumb\",\"itemListElement\":[{\"@type\":\"ListItem\",\"position\":1,\"name\":\"Startseite\",\"item\":\"https:\\\/\\\/www.villa-lila.com\\\/\"},{\"@type\":\"ListItem\",\"position\":2,\"name\":\"Kontakt DE\"}]},{\"@type\":\"WebSite\",\"@id\":\"https:\\\/\\\/www.villa-lila.com\\\/#website\",\"url\":\"https:\\\/\\\/www.villa-lila.com\\\/\",\"name\":\"Villa Lila\",\"description\":\"\",\"publisher\":{\"@id\":\"https:\\\/\\\/www.villa-lila.com\\\/#organization\"},\"potentialAction\":[{\"@type\":\"SearchAction\",\"target\":{\"@type\":\"EntryPoint\",\"urlTemplate\":\"https:\\\/\\\/www.villa-lila.com\\\/?s={search_term_string}\"},\"query-input\":{\"@type\":\"PropertyValueSpecification\",\"valueRequired\":true,\"valueName\":\"search_term_string\"}}],\"inLanguage\":\"de\"},{\"@type\":\"Organization\",\"@id\":\"https:\\\/\\\/www.villa-lila.com\\\/#organization\",\"name\":\"Villa Lila\",\"url\":\"https:\\\/\\\/www.villa-lila.com\\\/\",\"logo\":{\"@type\":\"ImageObject\",\"inLanguage\":\"de\",\"@id\":\"https:\\\/\\\/www.villa-lila.com\\\/#\\\/schema\\\/logo\\\/image\\\/\",\"url\":\"https:\\\/\\\/www.villa-lila.com\\\/wp-content\\\/uploads\\\/2023\\\/07\\\/Villa-Lila-Logo-icon-04-04-04-04.png\",\"contentUrl\":\"https:\\\/\\\/www.villa-lila.com\\\/wp-content\\\/uploads\\\/2023\\\/07\\\/Villa-Lila-Logo-icon-04-04-04-04.png\",\"width\":2134,\"height\":2134,\"caption\":\"Villa Lila\"},\"image\":{\"@id\":\"https:\\\/\\\/www.villa-lila.com\\\/#\\\/schema\\\/logo\\\/image\\\/\"},\"sameAs\":[\"https:\\\/\\\/www.facebook.com\\\/villalila.laureana\\\/\",\"https:\\\/\\\/www.instagram.com\\\/villa_lila_laureana\\\/\"]}]}<\/script>\n<!-- \/ Yoast SEO plugin. -->","yoast_head_json":{"title":"Villa Lila | Kontakt","description":"Treten sie mit uns in Kontakt, um ihren Urlaub in der Villa Lila zu buchen oder eine Anfrage zu stellen. Wir helfen ihnen gerne weiter.","robots":{"index":"index","follow":"follow","max-snippet":"max-snippet:-1","max-image-preview":"max-image-preview:large","max-video-preview":"max-video-preview:-1"},"canonical":"https:\/\/www.villa-lila.com\/index.php\/kontakt\/","og_locale":"de_DE","og_type":"article","og_title":"Villa Lila | Kontakt","og_description":"Treten sie mit uns in Kontakt, um ihren Urlaub in der Villa Lila zu buchen oder eine Anfrage zu stellen. Wir helfen ihnen gerne weiter.","og_url":"https:\/\/www.villa-lila.com\/index.php\/kontakt\/","og_site_name":"Villa Lila","article_publisher":"https:\/\/www.facebook.com\/villalila.laureana\/","article_modified_time":"2025-05-14T09:28:42+00:00","twitter_card":"summary_large_image","twitter_misc":{"Gesch\u00e4tzte Lesezeit":"1\u00a0Minute"},"schema":{"@context":"https:\/\/schema.org","@graph":[{"@type":"WebPage","@id":"https:\/\/www.villa-lila.com\/index.php\/kontakt\/","url":"https:\/\/www.villa-lila.com\/index.php\/kontakt\/","name":"Villa Lila | Kontakt","isPartOf":{"@id":"https:\/\/www.villa-lila.com\/#website"},"datePublished":"2023-07-18T08:22:53+00:00","dateModified":"2025-05-14T09:28:42+00:00","description":"Treten sie mit uns in Kontakt, um ihren Urlaub in der Villa Lila zu buchen oder eine Anfrage zu stellen. Wir helfen ihnen gerne weiter.","breadcrumb":{"@id":"https:\/\/www.villa-lila.com\/index.php\/kontakt\/#breadcrumb"},"inLanguage":"de","potentialAction":[{"@type":"ReadAction","target":["https:\/\/www.villa-lila.com\/index.php\/kontakt\/"]}]},{"@type":"BreadcrumbList","@id":"https:\/\/www.villa-lila.com\/index.php\/kontakt\/#breadcrumb","itemListElement":[{"@type":"ListItem","position":1,"name":"Startseite","item":"https:\/\/www.villa-lila.com\/"},{"@type":"ListItem","position":2,"name":"Kontakt DE"}]},{"@type":"WebSite","@id":"https:\/\/www.villa-lila.com\/#website","url":"https:\/\/www.villa-lila.com\/","name":"Villa Lila","description":"","publisher":{"@id":"https:\/\/www.villa-lila.com\/#organization"},"potentialAction":[{"@type":"SearchAction","target":{"@type":"EntryPoint","urlTemplate":"https:\/\/www.villa-lila.com\/?s={search_term_string}"},"query-input":{"@type":"PropertyValueSpecification","valueRequired":true,"valueName":"search_term_string"}}],"inLanguage":"de"},{"@type":"Organization","@id":"https:\/\/www.villa-lila.com\/#organization","name":"Villa Lila","url":"https:\/\/www.villa-lila.com\/","logo":{"@type":"ImageObject","inLanguage":"de","@id":"https:\/\/www.villa-lila.com\/#\/schema\/logo\/image\/","url":"https:\/\/www.villa-lila.com\/wp-content\/uploads\/2023\/07\/Villa-Lila-Logo-icon-04-04-04-04.png","contentUrl":"https:\/\/www.villa-lila.com\/wp-content\/uploads\/2023\/07\/Villa-Lila-Logo-icon-04-04-04-04.png","width":2134,"height":2134,"caption":"Villa Lila"},"image":{"@id":"https:\/\/www.villa-lila.com\/#\/schema\/logo\/image\/"},"sameAs":["https:\/\/www.facebook.com\/villalila.laureana\/","https:\/\/www.instagram.com\/villa_lila_laureana\/"]}]}},"_links":{"self":[{"href":"https:\/\/www.villa-lila.com\/index.php\/wp-json\/wp\/v2\/pages\/461","targetHints":{"allow":["GET"]}}],"collection":[{"href":"https:\/\/www.villa-lila.com\/index.php\/wp-json\/wp\/v2\/pages"}],"about":[{"href":"https:\/\/www.villa-lila.com\/index.php\/wp-json\/wp\/v2\/types\/page"}],"author":[{"embeddable":true,"href":"https:\/\/www.villa-lila.com\/index.php\/wp-json\/wp\/v2\/users\/1"}],"replies":[{"embeddable":true,"href":"https:\/\/www.villa-lila.com\/index.php\/wp-json\/wp\/v2\/comments?post=461"}],"version-history":[{"count":18,"href":"https:\/\/www.villa-lila.com\/index.php\/wp-json\/wp\/v2\/pages\/461\/revisions"}],"predecessor-version":[{"id":3991,"href":"https:\/\/www.villa-lila.com\/index.php\/wp-json\/wp\/v2\/pages\/461\/revisions\/3991"}],"wp:attachment":[{"href":"https:\/\/www.villa-lila.com\/index.php\/wp-json\/wp\/v2\/media?parent=461"}],"curies":[{"name":"wp","href":"https:\/\/api.w.org\/{rel}","templated":true}]}}