{"id":879,"date":"2023-07-20T07:05:58","date_gmt":"2023-07-20T07:05:58","guid":{"rendered":"https:\/\/www.villa-lila.com\/?page_id=879"},"modified":"2025-11-25T06:55:34","modified_gmt":"2025-11-25T06:55:34","slug":"impronta","status":"publish","type":"page","link":"https:\/\/www.villa-lila.com\/index.php\/it\/impronta\/","title":{"rendered":"Impressum IT"},"content":{"rendered":"\t\t<div data-elementor-type=\"wp-page\" data-elementor-id=\"879\" class=\"elementor elementor-879\">\n\t\t\t\t\t\t<section class=\"elementor-section elementor-top-section elementor-element elementor-element-ad3264f ct-section-stretched elementor-section-boxed elementor-section-height-default elementor-section-height-default\" data-id=\"ad3264f\" data-element_type=\"section\" data-e-type=\"section\">\n\t\t\t\t\t\t\t<div class=\"elementor-background-overlay\"><\/div>\n\t\t\t\t\t\t\t<div class=\"elementor-container elementor-column-gap-default\">\n\t\t\t\t\t<div class=\"elementor-column elementor-col-100 elementor-top-column elementor-element elementor-element-2f6a864\" data-id=\"2f6a864\" data-element_type=\"column\" data-e-type=\"column\">\n\t\t\t<div class=\"elementor-widget-wrap elementor-element-populated\">\n\t\t\t\t\t\t<div class=\"elementor-element elementor-element-fec15be elementor-widget elementor-widget-heading\" data-id=\"fec15be\" data-element_type=\"widget\" data-e-type=\"widget\" data-widget_type=\"heading.default\">\n\t\t\t\t<div class=\"elementor-widget-container\">\n\t\t\t\t\t<h2 class=\"elementor-heading-title elementor-size-default\">Impronta<\/h2>\t\t\t\t<\/div>\n\t\t\t\t<\/div>\n\t\t\t\t\t<\/div>\n\t\t<\/div>\n\t\t\t\t\t<\/div>\n\t\t<\/section>\n\t\t\t\t<section class=\"elementor-section elementor-top-section elementor-element elementor-element-c2bb247 elementor-section-boxed elementor-section-height-default elementor-section-height-default\" data-id=\"c2bb247\" data-element_type=\"section\" data-e-type=\"section\">\n\t\t\t\t\t\t<div class=\"elementor-container elementor-column-gap-default\">\n\t\t\t\t\t<div class=\"elementor-column elementor-col-50 elementor-top-column elementor-element elementor-element-d4cc25d\" data-id=\"d4cc25d\" data-element_type=\"column\" data-e-type=\"column\">\n\t\t\t<div class=\"elementor-widget-wrap elementor-element-populated\">\n\t\t\t\t\t\t<div class=\"elementor-element elementor-element-d323e34 elementor-widget elementor-widget-heading\" data-id=\"d323e34\" data-element_type=\"widget\" data-e-type=\"widget\" data-widget_type=\"heading.default\">\n\t\t\t\t<div class=\"elementor-widget-container\">\n\t\t\t\t\t<h3 class=\"elementor-heading-title elementor-size-default\">Villa Lila<\/h3>\t\t\t\t<\/div>\n\t\t\t\t<\/div>\n\t\t\t\t<div class=\"elementor-element elementor-element-e020fde elementor-widget__width-initial elementor-widget elementor-widget-text-editor\" data-id=\"e020fde\" data-element_type=\"widget\" data-e-type=\"widget\" data-widget_type=\"text-editor.default\">\n\t\t\t\t<div class=\"elementor-widget-container\">\n\t\t\t\t\t\t\t\t\t<h3 id=\"tw-target-text\" class=\"tw-data-text tw-text-large tw-ta\" dir=\"ltr\" data-placeholder=\"\u00dcbersetzung\"><span class=\"Y2IQFc\" lang=\"it\">Secondo \u00a7 5 TMG <\/span><\/h3><p>Tomas Della Pepa<\/p><p>An der Fohlenweide 20<\/p><p>67112 Mutterstadt DE<\/p><h3>Indirizzo della villa<\/h3><p>Via Aldo Moro 66,<\/p><p>84050 Laureana Cilento<\/p><h3>Contatto<\/h3><p>Telefono: +49 176 44499777<\/p><p>E-mail: tomas@dellapepa.de<\/p><h3>Risoluzione delle controversie dell&#8217;UE<\/h3><p>La Commissione Europea fornisce una piattaforma per la risoluzione delle controversie online (OS): https:\/\/ec.europa.eu\/consumers\/odr\/. Il nostro indirizzo e-mail si trova sopra nell&#8217;impronta.<\/p><h3>Risoluzione delle controversie dei consumatori\/comitato arbitrale universale<\/h3><p>Non siamo disposti o obbligati a partecipare a procedure di risoluzione delle controversie dinanzi a un collegio arbitrale dei consumatori.<\/p><h3>Disclaimer<\/h3><p>Le informazioni contenute in queste pagine sono fornite senza alcuna garanzia, in particolare senza promessa espressa o tacita di idoneit\u00e0 per uno scopo specifico o libert\u00e0 da diritti di terzi. Non ci assumiamo alcuna responsabilit\u00e0 per l&#8217;attualit\u00e0, l&#8217;attualit\u00e0 o l&#8217;assenza di difetti delle informazioni contenute in queste pagine.<\/p><h3>Sinistra<\/h3><p>Non abbiamo verificato i siti che potrebbero essere collegati al nostro sito. Non siamo responsabili del contenuto di siti esterni, n\u00e9 li adottiamo come nostri. Non ci assumiamo alcuna responsabilit\u00e0 per il contenuto dei siti Web a cui si fa direttamente o indirettamente riferimento dal nostro sito Web. I visitatori seguono i collegamenti ad altri siti Web a proprio rischio e li utilizzano in conformit\u00e0 con i termini di utilizzo applicabili dei rispettivi siti Web.<\/p><h3>Protezione dati<\/h3><p>Siamo lieti che stiate visitando questo sito web e che siate interessati alla nostra offerta. Prendiamo sul serio la protezione dei tuoi dati privati e vogliamo che tu ti senta a tuo agio sul nostro sito web. Visitando o utilizzando il nostro sito web, accetti i nostri Termini di utilizzo, che sono descritti pi\u00f9 dettagliatamente nella nostra Informativa sulla privacy.<\/p><h3>Progettazione e realizzazione<\/h3><p>Nina Mack<\/p>\t\t\t\t\t\t\t\t<\/div>\n\t\t\t\t<\/div>\n\t\t\t\t\t<\/div>\n\t\t<\/div>\n\t\t\t\t<div class=\"elementor-column elementor-col-50 elementor-top-column elementor-element elementor-element-ef85a36\" data-id=\"ef85a36\" data-element_type=\"column\" data-e-type=\"column\">\n\t\t\t<div class=\"elementor-widget-wrap\">\n\t\t\t\t\t\t\t<\/div>\n\t\t<\/div>\n\t\t\t\t\t<\/div>\n\t\t<\/section>\n\t\t\t\t<\/div>\n\t\t","protected":false},"excerpt":{"rendered":"<p>Impronta Villa Lila Secondo \u00a7 5 TMG Tomas Della Pepa An der Fohlenweide 20 67112 Mutterstadt DE Indirizzo della villa Via Aldo Moro 66, 84050 Laureana Cilento Contatto Telefono: +49 176 44499777 E-mail: tomas@dellapepa.de Risoluzione delle controversie dell&#8217;UE La Commissione Europea fornisce una piattaforma per la risoluzione delle controversie online (OS): https:\/\/ec.europa.eu\/consumers\/odr\/. Il nostro indirizzo [&hellip;]<\/p>\n","protected":false},"author":1,"featured_media":0,"parent":0,"menu_order":0,"comment_status":"closed","ping_status":"closed","template":"","meta":{"footnotes":""},"class_list":["post-879","page","type-page","status-publish","hentry"],"blocksy_meta":[],"yoast_head":"<!-- This site is optimized with the Yoast SEO plugin v27.4 - https:\/\/yoast.com\/product\/yoast-seo-wordpress\/ -->\n<title>Villa Lila | Impronta<\/title>\n<meta name=\"description\" content=\"Tommaso Della Pepa +49 176 44499777 | tomas@dellapepa.de - Ulteriori informazioni sul proprietario e sull&#039;amministrazione di questo sito web.\" \/>\n<meta name=\"robots\" content=\"index, follow, max-snippet:-1, max-image-preview:large, max-video-preview:-1\" \/>\n<link rel=\"canonical\" href=\"https:\/\/www.villa-lila.com\/index.php\/it\/impronta\/\" \/>\n<meta property=\"og:locale\" content=\"de_DE\" \/>\n<meta property=\"og:type\" content=\"article\" \/>\n<meta property=\"og:title\" content=\"Villa Lila | Impronta\" \/>\n<meta property=\"og:description\" content=\"Tommaso Della Pepa +49 176 44499777 | tomas@dellapepa.de - Ulteriori informazioni sul proprietario e sull&#039;amministrazione di questo sito web.\" \/>\n<meta property=\"og:url\" content=\"https:\/\/www.villa-lila.com\/index.php\/it\/impronta\/\" \/>\n<meta property=\"og:site_name\" content=\"Villa Lila\" \/>\n<meta property=\"article:publisher\" content=\"https:\/\/www.facebook.com\/villalila.laureana\/\" \/>\n<meta property=\"article:modified_time\" content=\"2025-11-25T06:55:34+00:00\" \/>\n<meta name=\"twitter:card\" content=\"summary_large_image\" \/>\n<meta name=\"twitter:label1\" content=\"Gesch\u00e4tzte Lesezeit\" \/>\n\t<meta name=\"twitter:data1\" content=\"2\u00a0Minuten\" \/>\n<script type=\"application\/ld+json\" class=\"yoast-schema-graph\">{\"@context\":\"https:\\\/\\\/schema.org\",\"@graph\":[{\"@type\":\"WebPage\",\"@id\":\"https:\\\/\\\/www.villa-lila.com\\\/index.php\\\/it\\\/impronta\\\/\",\"url\":\"https:\\\/\\\/www.villa-lila.com\\\/index.php\\\/it\\\/impronta\\\/\",\"name\":\"Villa Lila | Impronta\",\"isPartOf\":{\"@id\":\"https:\\\/\\\/www.villa-lila.com\\\/#website\"},\"datePublished\":\"2023-07-20T07:05:58+00:00\",\"dateModified\":\"2025-11-25T06:55:34+00:00\",\"description\":\"Tommaso Della Pepa +49 176 44499777 | tomas@dellapepa.de - Ulteriori informazioni sul proprietario e sull'amministrazione di questo sito web.\",\"breadcrumb\":{\"@id\":\"https:\\\/\\\/www.villa-lila.com\\\/index.php\\\/it\\\/impronta\\\/#breadcrumb\"},\"inLanguage\":\"de\",\"potentialAction\":[{\"@type\":\"ReadAction\",\"target\":[\"https:\\\/\\\/www.villa-lila.com\\\/index.php\\\/it\\\/impronta\\\/\"]}]},{\"@type\":\"BreadcrumbList\",\"@id\":\"https:\\\/\\\/www.villa-lila.com\\\/index.php\\\/it\\\/impronta\\\/#breadcrumb\",\"itemListElement\":[{\"@type\":\"ListItem\",\"position\":1,\"name\":\"Startseite\",\"item\":\"https:\\\/\\\/www.villa-lila.com\\\/\"},{\"@type\":\"ListItem\",\"position\":2,\"name\":\"Impressum IT\"}]},{\"@type\":\"WebSite\",\"@id\":\"https:\\\/\\\/www.villa-lila.com\\\/#website\",\"url\":\"https:\\\/\\\/www.villa-lila.com\\\/\",\"name\":\"Villa Lila\",\"description\":\"\",\"publisher\":{\"@id\":\"https:\\\/\\\/www.villa-lila.com\\\/#organization\"},\"potentialAction\":[{\"@type\":\"SearchAction\",\"target\":{\"@type\":\"EntryPoint\",\"urlTemplate\":\"https:\\\/\\\/www.villa-lila.com\\\/?s={search_term_string}\"},\"query-input\":{\"@type\":\"PropertyValueSpecification\",\"valueRequired\":true,\"valueName\":\"search_term_string\"}}],\"inLanguage\":\"de\"},{\"@type\":\"Organization\",\"@id\":\"https:\\\/\\\/www.villa-lila.com\\\/#organization\",\"name\":\"Villa Lila\",\"url\":\"https:\\\/\\\/www.villa-lila.com\\\/\",\"logo\":{\"@type\":\"ImageObject\",\"inLanguage\":\"de\",\"@id\":\"https:\\\/\\\/www.villa-lila.com\\\/#\\\/schema\\\/logo\\\/image\\\/\",\"url\":\"https:\\\/\\\/www.villa-lila.com\\\/wp-content\\\/uploads\\\/2023\\\/07\\\/Villa-Lila-Logo-icon-04-04-04-04.png\",\"contentUrl\":\"https:\\\/\\\/www.villa-lila.com\\\/wp-content\\\/uploads\\\/2023\\\/07\\\/Villa-Lila-Logo-icon-04-04-04-04.png\",\"width\":2134,\"height\":2134,\"caption\":\"Villa Lila\"},\"image\":{\"@id\":\"https:\\\/\\\/www.villa-lila.com\\\/#\\\/schema\\\/logo\\\/image\\\/\"},\"sameAs\":[\"https:\\\/\\\/www.facebook.com\\\/villalila.laureana\\\/\",\"https:\\\/\\\/www.instagram.com\\\/villa_lila_laureana\\\/\"]}]}<\/script>\n<!-- \/ Yoast SEO plugin. -->","yoast_head_json":{"title":"Villa Lila | Impronta","description":"Tommaso Della Pepa +49 176 44499777 | tomas@dellapepa.de - Ulteriori informazioni sul proprietario e sull'amministrazione di questo sito web.","robots":{"index":"index","follow":"follow","max-snippet":"max-snippet:-1","max-image-preview":"max-image-preview:large","max-video-preview":"max-video-preview:-1"},"canonical":"https:\/\/www.villa-lila.com\/index.php\/it\/impronta\/","og_locale":"de_DE","og_type":"article","og_title":"Villa Lila | Impronta","og_description":"Tommaso Della Pepa +49 176 44499777 | tomas@dellapepa.de - Ulteriori informazioni sul proprietario e sull'amministrazione di questo sito web.","og_url":"https:\/\/www.villa-lila.com\/index.php\/it\/impronta\/","og_site_name":"Villa Lila","article_publisher":"https:\/\/www.facebook.com\/villalila.laureana\/","article_modified_time":"2025-11-25T06:55:34+00:00","twitter_card":"summary_large_image","twitter_misc":{"Gesch\u00e4tzte Lesezeit":"2\u00a0Minuten"},"schema":{"@context":"https:\/\/schema.org","@graph":[{"@type":"WebPage","@id":"https:\/\/www.villa-lila.com\/index.php\/it\/impronta\/","url":"https:\/\/www.villa-lila.com\/index.php\/it\/impronta\/","name":"Villa Lila | Impronta","isPartOf":{"@id":"https:\/\/www.villa-lila.com\/#website"},"datePublished":"2023-07-20T07:05:58+00:00","dateModified":"2025-11-25T06:55:34+00:00","description":"Tommaso Della Pepa +49 176 44499777 | tomas@dellapepa.de - Ulteriori informazioni sul proprietario e sull'amministrazione di questo sito web.","breadcrumb":{"@id":"https:\/\/www.villa-lila.com\/index.php\/it\/impronta\/#breadcrumb"},"inLanguage":"de","potentialAction":[{"@type":"ReadAction","target":["https:\/\/www.villa-lila.com\/index.php\/it\/impronta\/"]}]},{"@type":"BreadcrumbList","@id":"https:\/\/www.villa-lila.com\/index.php\/it\/impronta\/#breadcrumb","itemListElement":[{"@type":"ListItem","position":1,"name":"Startseite","item":"https:\/\/www.villa-lila.com\/"},{"@type":"ListItem","position":2,"name":"Impressum IT"}]},{"@type":"WebSite","@id":"https:\/\/www.villa-lila.com\/#website","url":"https:\/\/www.villa-lila.com\/","name":"Villa Lila","description":"","publisher":{"@id":"https:\/\/www.villa-lila.com\/#organization"},"potentialAction":[{"@type":"SearchAction","target":{"@type":"EntryPoint","urlTemplate":"https:\/\/www.villa-lila.com\/?s={search_term_string}"},"query-input":{"@type":"PropertyValueSpecification","valueRequired":true,"valueName":"search_term_string"}}],"inLanguage":"de"},{"@type":"Organization","@id":"https:\/\/www.villa-lila.com\/#organization","name":"Villa Lila","url":"https:\/\/www.villa-lila.com\/","logo":{"@type":"ImageObject","inLanguage":"de","@id":"https:\/\/www.villa-lila.com\/#\/schema\/logo\/image\/","url":"https:\/\/www.villa-lila.com\/wp-content\/uploads\/2023\/07\/Villa-Lila-Logo-icon-04-04-04-04.png","contentUrl":"https:\/\/www.villa-lila.com\/wp-content\/uploads\/2023\/07\/Villa-Lila-Logo-icon-04-04-04-04.png","width":2134,"height":2134,"caption":"Villa Lila"},"image":{"@id":"https:\/\/www.villa-lila.com\/#\/schema\/logo\/image\/"},"sameAs":["https:\/\/www.facebook.com\/villalila.laureana\/","https:\/\/www.instagram.com\/villa_lila_laureana\/"]}]}},"_links":{"self":[{"href":"https:\/\/www.villa-lila.com\/index.php\/wp-json\/wp\/v2\/pages\/879","targetHints":{"allow":["GET"]}}],"collection":[{"href":"https:\/\/www.villa-lila.com\/index.php\/wp-json\/wp\/v2\/pages"}],"about":[{"href":"https:\/\/www.villa-lila.com\/index.php\/wp-json\/wp\/v2\/types\/page"}],"author":[{"embeddable":true,"href":"https:\/\/www.villa-lila.com\/index.php\/wp-json\/wp\/v2\/users\/1"}],"replies":[{"embeddable":true,"href":"https:\/\/www.villa-lila.com\/index.php\/wp-json\/wp\/v2\/comments?post=879"}],"version-history":[{"count":10,"href":"https:\/\/www.villa-lila.com\/index.php\/wp-json\/wp\/v2\/pages\/879\/revisions"}],"predecessor-version":[{"id":4400,"href":"https:\/\/www.villa-lila.com\/index.php\/wp-json\/wp\/v2\/pages\/879\/revisions\/4400"}],"wp:attachment":[{"href":"https:\/\/www.villa-lila.com\/index.php\/wp-json\/wp\/v2\/media?parent=879"}],"curies":[{"name":"wp","href":"https:\/\/api.w.org\/{rel}","templated":true}]}}